{"id":991,"date":"2022-09-24T02:46:40","date_gmt":"2022-09-24T02:46:40","guid":{"rendered":"http:\/\/dragabrielaenriquez.com\/?page_id=991"},"modified":"2022-09-29T22:08:33","modified_gmt":"2022-09-29T22:08:33","slug":"colposcopia","status":"publish","type":"page","link":"http:\/\/dragabrielaenriquez.com\/index.php\/colposcopia\/","title":{"rendered":"Colposcop\u00eda"},"content":{"rendered":"\t\t<div data-elementor-type=\"wp-page\" data-elementor-id=\"991\" class=\"elementor elementor-991\">\n\t\t\t\t\t\t\t\t\t<section class=\"elementor-section elementor-top-section elementor-element elementor-element-a2c3113 elementor-section-boxed elementor-section-height-default elementor-section-height-default\" data-id=\"a2c3113\" data-element_type=\"section\">\n\t\t\t\t\t\t<div class=\"elementor-container elementor-column-gap-default\">\n\t\t\t\t\t<div class=\"elementor-column elementor-col-100 elementor-top-column elementor-element elementor-element-56ef1fb\" data-id=\"56ef1fb\" data-element_type=\"column\">\n\t\t\t<div class=\"elementor-widget-wrap elementor-element-populated\">\n\t\t\t\t\t\t\t\t<div class=\"elementor-element elementor-element-16ed422 elementor-widget elementor-widget-spacer\" data-id=\"16ed422\" data-element_type=\"widget\" data-widget_type=\"spacer.default\">\n\t\t\t\t<div class=\"elementor-widget-container\">\n\t\t\t<style>\/*! elementor - v3.7.7 - 20-09-2022 *\/\n.elementor-column .elementor-spacer-inner{height:var(--spacer-size)}.e-container{--container-widget-width:100%}.e-container>.elementor-widget-spacer{width:var(--container-widget-width,var(--spacer-size));-ms-flex-item-align:stretch;align-self:stretch;-ms-flex-negative:0;flex-shrink:0}.e-container>.elementor-widget-spacer>.elementor-widget-container,.e-container>.elementor-widget-spacer>.elementor-widget-container>.elementor-spacer{height:100%}.e-container>.elementor-widget-spacer>.elementor-widget-container>.elementor-spacer>.elementor-spacer-inner{height:var(--container-widget-height,var(--spacer-size))}<\/style>\t\t<div class=\"elementor-spacer\">\n\t\t\t<div class=\"elementor-spacer-inner\"><\/div>\n\t\t<\/div>\n\t\t\t\t<\/div>\n\t\t\t\t<\/div>\n\t\t\t\t\t<\/div>\n\t\t<\/div>\n\t\t\t\t\t\t\t<\/div>\n\t\t<\/section>\n\t\t\t\t<section class=\"elementor-section elementor-top-section elementor-element elementor-element-e0e3f21 elementor-section-boxed elementor-section-height-default elementor-section-height-default elementor-invisible\" data-id=\"e0e3f21\" data-element_type=\"section\" data-settings=\"{&quot;animation&quot;:&quot;fadeInLeft&quot;}\">\n\t\t\t\t\t\t<div class=\"elementor-container elementor-column-gap-default\">\n\t\t\t\t\t<div class=\"elementor-column elementor-col-100 elementor-top-column elementor-element elementor-element-975f4ab\" data-id=\"975f4ab\" data-element_type=\"column\">\n\t\t\t<div class=\"elementor-widget-wrap elementor-element-populated\">\n\t\t\t\t\t\t\t\t<div class=\"elementor-element elementor-element-f67652b elementor-widget elementor-widget-heading\" data-id=\"f67652b\" data-element_type=\"widget\" data-widget_type=\"heading.default\">\n\t\t\t\t<div class=\"elementor-widget-container\">\n\t\t\t<style>\/*! elementor - v3.7.7 - 20-09-2022 *\/\n.elementor-heading-title{padding:0;margin:0;line-height:1}.elementor-widget-heading .elementor-heading-title[class*=elementor-size-]>a{color:inherit;font-size:inherit;line-height:inherit}.elementor-widget-heading .elementor-heading-title.elementor-size-small{font-size:15px}.elementor-widget-heading .elementor-heading-title.elementor-size-medium{font-size:19px}.elementor-widget-heading .elementor-heading-title.elementor-size-large{font-size:29px}.elementor-widget-heading .elementor-heading-title.elementor-size-xl{font-size:39px}.elementor-widget-heading .elementor-heading-title.elementor-size-xxl{font-size:59px}<\/style><h2 class=\"elementor-heading-title elementor-size-default\">Qu\u00e9 es la colposcop\u00eda?<\/h2>\t\t<\/div>\n\t\t\t\t<\/div>\n\t\t\t\t\t<\/div>\n\t\t<\/div>\n\t\t\t\t\t\t\t<\/div>\n\t\t<\/section>\n\t\t\t\t<section class=\"elementor-section elementor-top-section elementor-element elementor-element-1b17753 elementor-section-boxed elementor-section-height-default elementor-section-height-default elementor-invisible\" data-id=\"1b17753\" data-element_type=\"section\" data-settings=\"{&quot;animation&quot;:&quot;fadeInRight&quot;}\">\n\t\t\t\t\t\t<div class=\"elementor-container elementor-column-gap-extended\">\n\t\t\t\t\t<div class=\"elementor-column elementor-col-66 elementor-top-column elementor-element elementor-element-b3e6568\" data-id=\"b3e6568\" data-element_type=\"column\">\n\t\t\t<div class=\"elementor-widget-wrap elementor-element-populated\">\n\t\t\t\t\t\t\t\t<div class=\"elementor-element elementor-element-1222e74 elementor-widget elementor-widget-text-editor\" data-id=\"1222e74\" data-element_type=\"widget\" data-widget_type=\"text-editor.default\">\n\t\t\t\t<div class=\"elementor-widget-container\">\n\t\t\t<style>\/*! elementor - v3.7.7 - 20-09-2022 *\/\n.elementor-widget-text-editor.elementor-drop-cap-view-stacked .elementor-drop-cap{background-color:#818a91;color:#fff}.elementor-widget-text-editor.elementor-drop-cap-view-framed .elementor-drop-cap{color:#818a91;border:3px solid;background-color:transparent}.elementor-widget-text-editor:not(.elementor-drop-cap-view-default) .elementor-drop-cap{margin-top:8px}.elementor-widget-text-editor:not(.elementor-drop-cap-view-default) .elementor-drop-cap-letter{width:1em;height:1em}.elementor-widget-text-editor .elementor-drop-cap{float:left;text-align:center;line-height:1;font-size:50px}.elementor-widget-text-editor .elementor-drop-cap-letter{display:inline-block}<\/style>\t\t\t\t<p>Una colposcop\u00eda es una forma especial de examinar el cuello uterino. Se utiliza luz y un microscopio de baja potencia para hacer que el cuello uterino aparezca mucho m\u00e1s grande. Esto le ayuda a nuestra especialista para encontrar y hacer biopsias a las \u00e1reas anormales del cuello uterino.<\/p>\t\t\t\t\t\t<\/div>\n\t\t\t\t<\/div>\n\t\t\t\t<div class=\"elementor-element elementor-element-83be0dc elementor-widget elementor-widget-image\" data-id=\"83be0dc\" data-element_type=\"widget\" data-widget_type=\"image.default\">\n\t\t\t\t<div class=\"elementor-widget-container\">\n\t\t\t<style>\/*! elementor - v3.7.7 - 20-09-2022 *\/\n.elementor-widget-image{text-align:center}.elementor-widget-image a{display:inline-block}.elementor-widget-image a img[src$=\".svg\"]{width:48px}.elementor-widget-image img{vertical-align:middle;display:inline-block}<\/style>\t\t\t\t\t\t\t\t\t\t\t\t<img width=\"1024\" height=\"580\" src=\"http:\/\/dragabrielaenriquez.com\/wp-content\/uploads\/2022\/09\/importancia-colcoscopia-cancer-vibetvmx-1024x580.jpg\" class=\"attachment-large size-large\" alt=\"\" loading=\"lazy\" srcset=\"http:\/\/dragabrielaenriquez.com\/wp-content\/uploads\/2022\/09\/importancia-colcoscopia-cancer-vibetvmx-1024x580.jpg 1024w, http:\/\/dragabrielaenriquez.com\/wp-content\/uploads\/2022\/09\/importancia-colcoscopia-cancer-vibetvmx-300x170.jpg 300w, http:\/\/dragabrielaenriquez.com\/wp-content\/uploads\/2022\/09\/importancia-colcoscopia-cancer-vibetvmx-768x435.jpg 768w, http:\/\/dragabrielaenriquez.com\/wp-content\/uploads\/2022\/09\/importancia-colcoscopia-cancer-vibetvmx.jpg 1200w\" sizes=\"(max-width: 1024px) 100vw, 1024px\" \/>\t\t\t\t\t\t\t\t\t\t\t\t\t\t\t<\/div>\n\t\t\t\t<\/div>\n\t\t\t\t<div class=\"elementor-element elementor-element-a0c6f80 elementor-widget elementor-widget-spacer\" data-id=\"a0c6f80\" data-element_type=\"widget\" data-widget_type=\"spacer.default\">\n\t\t\t\t<div class=\"elementor-widget-container\">\n\t\t\t\t\t<div class=\"elementor-spacer\">\n\t\t\t<div class=\"elementor-spacer-inner\"><\/div>\n\t\t<\/div>\n\t\t\t\t<\/div>\n\t\t\t\t<\/div>\n\t\t\t\t<div class=\"elementor-element elementor-element-8477208 elementor-widget elementor-widget-heading\" data-id=\"8477208\" data-element_type=\"widget\" data-widget_type=\"heading.default\">\n\t\t\t\t<div class=\"elementor-widget-container\">\n\t\t\t<h2 class=\"elementor-heading-title elementor-size-default\">Razones por las que se realiza una colposcop\u00eda<\/h2>\t\t<\/div>\n\t\t\t\t<\/div>\n\t\t\t\t<div class=\"elementor-element elementor-element-ced5c34 elementor-widget elementor-widget-text-editor\" data-id=\"ced5c34\" data-element_type=\"widget\" data-widget_type=\"text-editor.default\">\n\t\t\t\t<div class=\"elementor-widget-container\">\n\t\t\t\t\t\t\t<p>La colposcopia se hace para detectar c\u00e1ncer de cuello uterino o cambios que pueden llevar a este tipo de c\u00e1ncer.<\/p><p>Este procedimiento se hace con mayor frecuencia cuando usted ha tenido un resultado anormal en una citolog\u00eda vaginal o del VPH. Tambi\u00e9n se puede recomendar si usted tiene sangrado despu\u00e9s de la relaci\u00f3n sexual.<\/p><p>La colposcopia tambi\u00e9n se puede hacer cuando el proveedor observa zonas anormales en el cuello uterino durante un examen p\u00e9lvico.<\/p><p><strong>Estas pueden incluir:<\/strong><\/p><ul><li>Cualquier crecimiento anormal sobre el cuello uterino o en otra parte en la vagina<\/li><li>Verrugas genitales o VPH<\/li><li>Irritaci\u00f3n o inflamaci\u00f3n del cuello uterino (cervicitis)<\/li><\/ul>\t\t\t\t\t\t<\/div>\n\t\t\t\t<\/div>\n\t\t\t\t<div class=\"elementor-element elementor-element-0556ea9 elementor-aspect-ratio-169 elementor-widget elementor-widget-video\" data-id=\"0556ea9\" data-element_type=\"widget\" data-settings=\"{&quot;youtube_url&quot;:&quot;https:\\\/\\\/youtu.be\\\/6-Oeb5xHCHE&quot;,&quot;video_type&quot;:&quot;youtube&quot;,&quot;controls&quot;:&quot;yes&quot;,&quot;aspect_ratio&quot;:&quot;169&quot;}\" data-widget_type=\"video.default\">\n\t\t\t\t<div class=\"elementor-widget-container\">\n\t\t\t<style>\/*! elementor - v3.7.7 - 20-09-2022 *\/\n.elementor-widget-video .elementor-widget-container{overflow:hidden;-webkit-transform:translateZ(0);transform:translateZ(0)}.elementor-widget-video .elementor-open-inline .elementor-custom-embed-image-overlay{position:absolute;top:0;left:0;width:100%;height:100%;background-size:cover;background-position:50%}.elementor-widget-video .elementor-custom-embed-image-overlay{cursor:pointer;text-align:center}.elementor-widget-video .elementor-custom-embed-image-overlay:hover .elementor-custom-embed-play i{opacity:1}.elementor-widget-video .elementor-custom-embed-image-overlay img{display:block;width:100%}.elementor-widget-video .e-hosted-video .elementor-video{-o-object-fit:cover;object-fit:cover}.e-container>.elementor-widget-video{width:var(--container-widget-width,100%)}<\/style>\t\t<div class=\"elementor-wrapper elementor-fit-aspect-ratio elementor-open-inline\">\n\t\t\t<div class=\"elementor-video\"><\/div>\t\t<\/div>\n\t\t\t\t<\/div>\n\t\t\t\t<\/div>\n\t\t\t\t\t<\/div>\n\t\t<\/div>\n\t\t\t\t<div class=\"elementor-column elementor-col-33 elementor-top-column elementor-element elementor-element-2b5be42\" data-id=\"2b5be42\" data-element_type=\"column\">\n\t\t\t<div class=\"elementor-widget-wrap elementor-element-populated\">\n\t\t\t\t\t\t\t\t<div class=\"elementor-element elementor-element-7f38b0f elementor-widget elementor-widget-heading\" data-id=\"7f38b0f\" data-element_type=\"widget\" data-widget_type=\"heading.default\">\n\t\t\t\t<div class=\"elementor-widget-container\">\n\t\t\t<h2 class=\"elementor-heading-title elementor-size-default\">Agenda tu cita<\/h2>\t\t<\/div>\n\t\t\t\t<\/div>\n\t\t\t\t<div class=\"elementor-element elementor-element-25024c4 elementor-button-info elementor-align-center elementor-widget elementor-widget-button\" data-id=\"25024c4\" data-element_type=\"widget\" data-widget_type=\"button.default\">\n\t\t\t\t<div class=\"elementor-widget-container\">\n\t\t\t\t\t<div class=\"elementor-button-wrapper\">\n\t\t\t<a href=\"http:\/\/dragabrielaenriquez.com\/index.php\/contacto\/\" class=\"elementor-button-link elementor-button elementor-size-md elementor-animation-shrink\" role=\"button\">\n\t\t\t\t\t\t<span class=\"elementor-button-content-wrapper\">\n\t\t\t\t\t\t\t<span class=\"elementor-button-icon elementor-align-icon-left\">\n\t\t\t\t<i aria-hidden=\"true\" class=\"fas fa-clipboard-list\"><\/i>\t\t\t<\/span>\n\t\t\t\t\t\t<span class=\"elementor-button-text\">Haz clic aqu\u00ed<\/span>\n\t\t<\/span>\n\t\t\t\t\t<\/a>\n\t\t<\/div>\n\t\t\t\t<\/div>\n\t\t\t\t<\/div>\n\t\t\t\t<div class=\"elementor-element elementor-element-12c46c2 elementor-widget elementor-widget-spacer\" data-id=\"12c46c2\" data-element_type=\"widget\" data-widget_type=\"spacer.default\">\n\t\t\t\t<div class=\"elementor-widget-container\">\n\t\t\t\t\t<div class=\"elementor-spacer\">\n\t\t\t<div class=\"elementor-spacer-inner\"><\/div>\n\t\t<\/div>\n\t\t\t\t<\/div>\n\t\t\t\t<\/div>\n\t\t\t\t\t<\/div>\n\t\t<\/div>\n\t\t\t\t\t\t\t<\/div>\n\t\t<\/section>\n\t\t\t\t<section class=\"elementor-section elementor-top-section elementor-element elementor-element-61bdbea elementor-section-boxed elementor-section-height-default elementor-section-height-default\" data-id=\"61bdbea\" data-element_type=\"section\">\n\t\t\t\t\t\t<div class=\"elementor-container elementor-column-gap-default\">\n\t\t\t\t\t<div class=\"elementor-column elementor-col-100 elementor-top-column elementor-element elementor-element-0325e2a\" data-id=\"0325e2a\" data-element_type=\"column\">\n\t\t\t<div class=\"elementor-widget-wrap elementor-element-populated\">\n\t\t\t\t\t\t\t\t<div class=\"elementor-element elementor-element-1d699a0 elementor-widget elementor-widget-spacer\" data-id=\"1d699a0\" data-element_type=\"widget\" data-widget_type=\"spacer.default\">\n\t\t\t\t<div class=\"elementor-widget-container\">\n\t\t\t\t\t<div class=\"elementor-spacer\">\n\t\t\t<div class=\"elementor-spacer-inner\"><\/div>\n\t\t<\/div>\n\t\t\t\t<\/div>\n\t\t\t\t<\/div>\n\t\t\t\t\t<\/div>\n\t\t<\/div>\n\t\t\t\t\t\t\t<\/div>\n\t\t<\/section>\n\t\t\t\t\t\t\t<\/div>\n\t\t","protected":false},"excerpt":{"rendered":"<p>Qu\u00e9 es la colposcop\u00eda? Una colposcop\u00eda es una forma especial de examinar el cuello uterino. Se utiliza luz y un microscopio de baja potencia para hacer que el cuello uterino aparezca mucho m\u00e1s grande. Esto le ayuda a nuestra especialista para encontrar y hacer biopsias a las \u00e1reas anormales del cuello uterino. Razones por las [&hellip;]<\/p>\n","protected":false},"author":2,"featured_media":0,"parent":0,"menu_order":0,"comment_status":"closed","ping_status":"closed","template":"","meta":{"om_disable_all_campaigns":false,"_monsterinsights_skip_tracking":false,"_monsterinsights_sitenote_active":false,"_monsterinsights_sitenote_note":"","_monsterinsights_sitenote_category":0},"aioseo_notices":[],"yoast_head":"<!-- This site is optimized with the Yoast SEO plugin v20.1 - https:\/\/yoast.com\/wordpress\/plugins\/seo\/ -->\n<title>Colposcop\u00eda<\/title>\n<meta name=\"robots\" content=\"index, follow, max-snippet:-1, max-image-preview:large, max-video-preview:-1\" \/>\n<link rel=\"canonical\" href=\"http:\/\/dragabrielaenriquez.com\/index.php\/colposcopia\/\" \/>\n<meta property=\"og:locale\" content=\"es_ES\" \/>\n<meta property=\"og:type\" content=\"article\" \/>\n<meta property=\"og:title\" content=\"Colposcop\u00eda\" \/>\n<meta property=\"og:description\" content=\"Qu\u00e9 es la colposcop\u00eda? Una colposcop\u00eda es una forma especial de examinar el cuello uterino. Se utiliza luz y un microscopio de baja potencia para hacer que el cuello uterino aparezca mucho m\u00e1s grande. Esto le ayuda a nuestra especialista para encontrar y hacer biopsias a las \u00e1reas anormales del cuello uterino. Razones por las [&hellip;]\" \/>\n<meta property=\"og:url\" content=\"http:\/\/dragabrielaenriquez.com\/index.php\/colposcopia\/\" \/>\n<meta property=\"og:site_name\" content=\"Dra. Gabriela Enr\u00edquez\" \/>\n<meta property=\"article:publisher\" content=\"https:\/\/www.facebook.com\/ginecologaobstetraecuador\" \/>\n<meta property=\"article:modified_time\" content=\"2022-09-29T22:08:33+00:00\" \/>\n<meta property=\"og:image\" content=\"http:\/\/dragabrielaenriquez.com\/wp-content\/uploads\/2022\/09\/importancia-colcoscopia-cancer-vibetvmx-1024x580.jpg\" \/>\n<meta name=\"twitter:card\" content=\"summary_large_image\" \/>\n<meta name=\"twitter:label1\" content=\"Tiempo de lectura\" \/>\n\t<meta name=\"twitter:data1\" content=\"1 minuto\" \/>\n<script type=\"application\/ld+json\" class=\"yoast-schema-graph\">{\"@context\":\"https:\/\/schema.org\",\"@graph\":[{\"@type\":\"WebPage\",\"@id\":\"http:\/\/dragabrielaenriquez.com\/index.php\/colposcopia\/\",\"url\":\"http:\/\/dragabrielaenriquez.com\/index.php\/colposcopia\/\",\"name\":\"Colposcop\u00eda\",\"isPartOf\":{\"@id\":\"http:\/\/dragabrielaenriquez.com\/#website\"},\"datePublished\":\"2022-09-24T02:46:40+00:00\",\"dateModified\":\"2022-09-29T22:08:33+00:00\",\"breadcrumb\":{\"@id\":\"http:\/\/dragabrielaenriquez.com\/index.php\/colposcopia\/#breadcrumb\"},\"inLanguage\":\"es\",\"potentialAction\":[{\"@type\":\"ReadAction\",\"target\":[\"http:\/\/dragabrielaenriquez.com\/index.php\/colposcopia\/\"]}]},{\"@type\":\"BreadcrumbList\",\"@id\":\"http:\/\/dragabrielaenriquez.com\/index.php\/colposcopia\/#breadcrumb\",\"itemListElement\":[{\"@type\":\"ListItem\",\"position\":1,\"name\":\"Portada\",\"item\":\"http:\/\/dragabrielaenriquez.com\/\"},{\"@type\":\"ListItem\",\"position\":2,\"name\":\"Colposcop\u00eda\"}]},{\"@type\":\"WebSite\",\"@id\":\"http:\/\/dragabrielaenriquez.com\/#website\",\"url\":\"http:\/\/dragabrielaenriquez.com\/\",\"name\":\"Dra. Gabriela Enr\u00edquez, Ginecologa\",\"description\":\"Ginec\u00f3loga - Obstetra - Sex\u00f3loga Cl\u00ednica\",\"publisher\":{\"@id\":\"http:\/\/dragabrielaenriquez.com\/#organization\"},\"potentialAction\":[{\"@type\":\"SearchAction\",\"target\":{\"@type\":\"EntryPoint\",\"urlTemplate\":\"http:\/\/dragabrielaenriquez.com\/?s={search_term_string}\"},\"query-input\":\"required name=search_term_string\"}],\"inLanguage\":\"es\"},{\"@type\":\"Organization\",\"@id\":\"http:\/\/dragabrielaenriquez.com\/#organization\",\"name\":\"Dra. Gabriela Enr\u00edquez, Ginecologia\",\"url\":\"http:\/\/dragabrielaenriquez.com\/\",\"logo\":{\"@type\":\"ImageObject\",\"inLanguage\":\"es\",\"@id\":\"http:\/\/dragabrielaenriquez.com\/#\/schema\/logo\/image\/\",\"url\":\"http:\/\/dragabrielaenriquez.com\/wp-content\/uploads\/2022\/08\/cropped-cropped-logo-color.png\",\"contentUrl\":\"http:\/\/dragabrielaenriquez.com\/wp-content\/uploads\/2022\/08\/cropped-cropped-logo-color.png\",\"width\":220,\"height\":90,\"caption\":\"Dra. Gabriela Enr\u00edquez, Ginecologia\"},\"image\":{\"@id\":\"http:\/\/dragabrielaenriquez.com\/#\/schema\/logo\/image\/\"},\"sameAs\":[\"https:\/\/www.facebook.com\/ginecologaobstetraecuador\"]}]}<\/script>\n<!-- \/ Yoast SEO plugin. -->","yoast_head_json":{"title":"Colposcop\u00eda","robots":{"index":"index","follow":"follow","max-snippet":"max-snippet:-1","max-image-preview":"max-image-preview:large","max-video-preview":"max-video-preview:-1"},"canonical":"http:\/\/dragabrielaenriquez.com\/index.php\/colposcopia\/","og_locale":"es_ES","og_type":"article","og_title":"Colposcop\u00eda","og_description":"Qu\u00e9 es la colposcop\u00eda? Una colposcop\u00eda es una forma especial de examinar el cuello uterino. Se utiliza luz y un microscopio de baja potencia para hacer que el cuello uterino aparezca mucho m\u00e1s grande. Esto le ayuda a nuestra especialista para encontrar y hacer biopsias a las \u00e1reas anormales del cuello uterino. Razones por las [&hellip;]","og_url":"http:\/\/dragabrielaenriquez.com\/index.php\/colposcopia\/","og_site_name":"Dra. Gabriela Enr\u00edquez","article_publisher":"https:\/\/www.facebook.com\/ginecologaobstetraecuador","article_modified_time":"2022-09-29T22:08:33+00:00","og_image":[{"url":"http:\/\/dragabrielaenriquez.com\/wp-content\/uploads\/2022\/09\/importancia-colcoscopia-cancer-vibetvmx-1024x580.jpg"}],"twitter_card":"summary_large_image","twitter_misc":{"Tiempo de lectura":"1 minuto"},"schema":{"@context":"https:\/\/schema.org","@graph":[{"@type":"WebPage","@id":"http:\/\/dragabrielaenriquez.com\/index.php\/colposcopia\/","url":"http:\/\/dragabrielaenriquez.com\/index.php\/colposcopia\/","name":"Colposcop\u00eda","isPartOf":{"@id":"http:\/\/dragabrielaenriquez.com\/#website"},"datePublished":"2022-09-24T02:46:40+00:00","dateModified":"2022-09-29T22:08:33+00:00","breadcrumb":{"@id":"http:\/\/dragabrielaenriquez.com\/index.php\/colposcopia\/#breadcrumb"},"inLanguage":"es","potentialAction":[{"@type":"ReadAction","target":["http:\/\/dragabrielaenriquez.com\/index.php\/colposcopia\/"]}]},{"@type":"BreadcrumbList","@id":"http:\/\/dragabrielaenriquez.com\/index.php\/colposcopia\/#breadcrumb","itemListElement":[{"@type":"ListItem","position":1,"name":"Portada","item":"http:\/\/dragabrielaenriquez.com\/"},{"@type":"ListItem","position":2,"name":"Colposcop\u00eda"}]},{"@type":"WebSite","@id":"http:\/\/dragabrielaenriquez.com\/#website","url":"http:\/\/dragabrielaenriquez.com\/","name":"Dra. Gabriela Enr\u00edquez, Ginecologa","description":"Ginec\u00f3loga - Obstetra - Sex\u00f3loga Cl\u00ednica","publisher":{"@id":"http:\/\/dragabrielaenriquez.com\/#organization"},"potentialAction":[{"@type":"SearchAction","target":{"@type":"EntryPoint","urlTemplate":"http:\/\/dragabrielaenriquez.com\/?s={search_term_string}"},"query-input":"required name=search_term_string"}],"inLanguage":"es"},{"@type":"Organization","@id":"http:\/\/dragabrielaenriquez.com\/#organization","name":"Dra. Gabriela Enr\u00edquez, Ginecologia","url":"http:\/\/dragabrielaenriquez.com\/","logo":{"@type":"ImageObject","inLanguage":"es","@id":"http:\/\/dragabrielaenriquez.com\/#\/schema\/logo\/image\/","url":"http:\/\/dragabrielaenriquez.com\/wp-content\/uploads\/2022\/08\/cropped-cropped-logo-color.png","contentUrl":"http:\/\/dragabrielaenriquez.com\/wp-content\/uploads\/2022\/08\/cropped-cropped-logo-color.png","width":220,"height":90,"caption":"Dra. Gabriela Enr\u00edquez, Ginecologia"},"image":{"@id":"http:\/\/dragabrielaenriquez.com\/#\/schema\/logo\/image\/"},"sameAs":["https:\/\/www.facebook.com\/ginecologaobstetraecuador"]}]}},"_links":{"self":[{"href":"http:\/\/dragabrielaenriquez.com\/index.php\/wp-json\/wp\/v2\/pages\/991"}],"collection":[{"href":"http:\/\/dragabrielaenriquez.com\/index.php\/wp-json\/wp\/v2\/pages"}],"about":[{"href":"http:\/\/dragabrielaenriquez.com\/index.php\/wp-json\/wp\/v2\/types\/page"}],"author":[{"embeddable":true,"href":"http:\/\/dragabrielaenriquez.com\/index.php\/wp-json\/wp\/v2\/users\/2"}],"replies":[{"embeddable":true,"href":"http:\/\/dragabrielaenriquez.com\/index.php\/wp-json\/wp\/v2\/comments?post=991"}],"version-history":[{"count":16,"href":"http:\/\/dragabrielaenriquez.com\/index.php\/wp-json\/wp\/v2\/pages\/991\/revisions"}],"predecessor-version":[{"id":1329,"href":"http:\/\/dragabrielaenriquez.com\/index.php\/wp-json\/wp\/v2\/pages\/991\/revisions\/1329"}],"wp:attachment":[{"href":"http:\/\/dragabrielaenriquez.com\/index.php\/wp-json\/wp\/v2\/media?parent=991"}],"curies":[{"name":"wp","href":"https:\/\/api.w.org\/{rel}","templated":true}]}}