{"id":972,"date":"2022-09-24T02:32:37","date_gmt":"2022-09-24T02:32:37","guid":{"rendered":"http:\/\/dragabrielaenriquez.com\/?page_id=972"},"modified":"2022-09-29T21:50:31","modified_gmt":"2022-09-29T21:50:31","slug":"adolescentes","status":"publish","type":"page","link":"http:\/\/dragabrielaenriquez.com\/index.php\/adolescentes\/","title":{"rendered":"Adolescentes"},"content":{"rendered":"\t\t<div data-elementor-type=\"wp-page\" data-elementor-id=\"972\" class=\"elementor elementor-972\">\n\t\t\t\t\t\t\t\t\t<section class=\"elementor-section elementor-top-section elementor-element elementor-element-a2c3113 elementor-section-boxed elementor-section-height-default elementor-section-height-default\" data-id=\"a2c3113\" data-element_type=\"section\">\n\t\t\t\t\t\t<div class=\"elementor-container elementor-column-gap-default\">\n\t\t\t\t\t<div class=\"elementor-column elementor-col-100 elementor-top-column elementor-element elementor-element-56ef1fb\" data-id=\"56ef1fb\" data-element_type=\"column\">\n\t\t\t<div class=\"elementor-widget-wrap elementor-element-populated\">\n\t\t\t\t\t\t\t\t<div class=\"elementor-element elementor-element-16ed422 elementor-widget elementor-widget-spacer\" data-id=\"16ed422\" data-element_type=\"widget\" data-widget_type=\"spacer.default\">\n\t\t\t\t<div class=\"elementor-widget-container\">\n\t\t\t<style>\/*! elementor - v3.7.7 - 20-09-2022 *\/\n.elementor-column .elementor-spacer-inner{height:var(--spacer-size)}.e-container{--container-widget-width:100%}.e-container>.elementor-widget-spacer{width:var(--container-widget-width,var(--spacer-size));-ms-flex-item-align:stretch;align-self:stretch;-ms-flex-negative:0;flex-shrink:0}.e-container>.elementor-widget-spacer>.elementor-widget-container,.e-container>.elementor-widget-spacer>.elementor-widget-container>.elementor-spacer{height:100%}.e-container>.elementor-widget-spacer>.elementor-widget-container>.elementor-spacer>.elementor-spacer-inner{height:var(--container-widget-height,var(--spacer-size))}<\/style>\t\t<div class=\"elementor-spacer\">\n\t\t\t<div class=\"elementor-spacer-inner\"><\/div>\n\t\t<\/div>\n\t\t\t\t<\/div>\n\t\t\t\t<\/div>\n\t\t\t\t\t<\/div>\n\t\t<\/div>\n\t\t\t\t\t\t\t<\/div>\n\t\t<\/section>\n\t\t\t\t<section class=\"elementor-section elementor-top-section elementor-element elementor-element-e0e3f21 elementor-section-boxed elementor-section-height-default elementor-section-height-default elementor-invisible\" data-id=\"e0e3f21\" data-element_type=\"section\" data-settings=\"{&quot;animation&quot;:&quot;fadeInLeft&quot;}\">\n\t\t\t\t\t\t<div class=\"elementor-container elementor-column-gap-default\">\n\t\t\t\t\t<div class=\"elementor-column elementor-col-100 elementor-top-column elementor-element elementor-element-975f4ab\" data-id=\"975f4ab\" data-element_type=\"column\">\n\t\t\t<div class=\"elementor-widget-wrap elementor-element-populated\">\n\t\t\t\t\t\t\t\t<div class=\"elementor-element elementor-element-f67652b elementor-widget elementor-widget-heading\" data-id=\"f67652b\" data-element_type=\"widget\" data-widget_type=\"heading.default\">\n\t\t\t\t<div class=\"elementor-widget-container\">\n\t\t\t<style>\/*! elementor - v3.7.7 - 20-09-2022 *\/\n.elementor-heading-title{padding:0;margin:0;line-height:1}.elementor-widget-heading .elementor-heading-title[class*=elementor-size-]>a{color:inherit;font-size:inherit;line-height:inherit}.elementor-widget-heading .elementor-heading-title.elementor-size-small{font-size:15px}.elementor-widget-heading .elementor-heading-title.elementor-size-medium{font-size:19px}.elementor-widget-heading .elementor-heading-title.elementor-size-large{font-size:29px}.elementor-widget-heading .elementor-heading-title.elementor-size-xl{font-size:39px}.elementor-widget-heading .elementor-heading-title.elementor-size-xxl{font-size:59px}<\/style><h2 class=\"elementor-heading-title elementor-size-default\">Adolescentes<\/h2>\t\t<\/div>\n\t\t\t\t<\/div>\n\t\t\t\t\t<\/div>\n\t\t<\/div>\n\t\t\t\t\t\t\t<\/div>\n\t\t<\/section>\n\t\t\t\t<section class=\"elementor-section elementor-top-section elementor-element elementor-element-1b17753 elementor-section-boxed elementor-section-height-default elementor-section-height-default elementor-invisible\" data-id=\"1b17753\" data-element_type=\"section\" data-settings=\"{&quot;animation&quot;:&quot;fadeInRight&quot;}\">\n\t\t\t\t\t\t<div class=\"elementor-container elementor-column-gap-extended\">\n\t\t\t\t\t<div class=\"elementor-column elementor-col-66 elementor-top-column elementor-element elementor-element-b3e6568\" data-id=\"b3e6568\" data-element_type=\"column\">\n\t\t\t<div class=\"elementor-widget-wrap elementor-element-populated\">\n\t\t\t\t\t\t\t\t<div class=\"elementor-element elementor-element-1222e74 elementor-widget elementor-widget-text-editor\" data-id=\"1222e74\" data-element_type=\"widget\" data-widget_type=\"text-editor.default\">\n\t\t\t\t<div class=\"elementor-widget-container\">\n\t\t\t<style>\/*! elementor - v3.7.7 - 20-09-2022 *\/\n.elementor-widget-text-editor.elementor-drop-cap-view-stacked .elementor-drop-cap{background-color:#818a91;color:#fff}.elementor-widget-text-editor.elementor-drop-cap-view-framed .elementor-drop-cap{color:#818a91;border:3px solid;background-color:transparent}.elementor-widget-text-editor:not(.elementor-drop-cap-view-default) .elementor-drop-cap{margin-top:8px}.elementor-widget-text-editor:not(.elementor-drop-cap-view-default) .elementor-drop-cap-letter{width:1em;height:1em}.elementor-widget-text-editor .elementor-drop-cap{float:left;text-align:center;line-height:1;font-size:50px}.elementor-widget-text-editor .elementor-drop-cap-letter{display:inline-block}<\/style>\t\t\t\t<p>Se ofrece una atenci\u00f3n especializada a las adolescentes, con \u00e9nfasis en el autocuidado y la prevenci\u00f3n del desarrollo de patolog\u00edas que a futuro puedan comprometer la salud de la mujer.<\/p><p>Tambi\u00e9n se realiza educaci\u00f3n para poder distinguir entre los cambios normales (fisiol\u00f3gicos) que se producen a esta edad versus signos y s\u00edntomas sugerentes de enfermedad.\u00a0El objetivo tambi\u00e9n es detectar precozmente patolog\u00edas y ofrecer un tratamiento adecuado a las necesidades de la paciente.<\/p>\t\t\t\t\t\t<\/div>\n\t\t\t\t<\/div>\n\t\t\t\t<div class=\"elementor-element elementor-element-83be0dc elementor-widget elementor-widget-image\" data-id=\"83be0dc\" data-element_type=\"widget\" data-widget_type=\"image.default\">\n\t\t\t\t<div class=\"elementor-widget-container\">\n\t\t\t<style>\/*! elementor - v3.7.7 - 20-09-2022 *\/\n.elementor-widget-image{text-align:center}.elementor-widget-image a{display:inline-block}.elementor-widget-image a img[src$=\".svg\"]{width:48px}.elementor-widget-image img{vertical-align:middle;display:inline-block}<\/style>\t\t\t\t\t\t\t\t\t\t\t\t<img width=\"1024\" height=\"576\" src=\"http:\/\/dragabrielaenriquez.com\/wp-content\/uploads\/2022\/09\/SexualidadFemenina-1920x1080-1-1024x576.jpg\" class=\"attachment-large size-large\" alt=\"\" loading=\"lazy\" srcset=\"http:\/\/dragabrielaenriquez.com\/wp-content\/uploads\/2022\/09\/SexualidadFemenina-1920x1080-1-1024x576.jpg 1024w, http:\/\/dragabrielaenriquez.com\/wp-content\/uploads\/2022\/09\/SexualidadFemenina-1920x1080-1-300x169.jpg 300w, http:\/\/dragabrielaenriquez.com\/wp-content\/uploads\/2022\/09\/SexualidadFemenina-1920x1080-1-768x432.jpg 768w, http:\/\/dragabrielaenriquez.com\/wp-content\/uploads\/2022\/09\/SexualidadFemenina-1920x1080-1-1536x864.jpg 1536w, http:\/\/dragabrielaenriquez.com\/wp-content\/uploads\/2022\/09\/SexualidadFemenina-1920x1080-1-800x450.jpg 800w, http:\/\/dragabrielaenriquez.com\/wp-content\/uploads\/2022\/09\/SexualidadFemenina-1920x1080-1.jpg 1920w\" sizes=\"(max-width: 1024px) 100vw, 1024px\" \/>\t\t\t\t\t\t\t\t\t\t\t\t\t\t\t<\/div>\n\t\t\t\t<\/div>\n\t\t\t\t<div class=\"elementor-element elementor-element-7e17bf4 elementor-widget elementor-widget-spacer\" data-id=\"7e17bf4\" data-element_type=\"widget\" data-widget_type=\"spacer.default\">\n\t\t\t\t<div class=\"elementor-widget-container\">\n\t\t\t\t\t<div class=\"elementor-spacer\">\n\t\t\t<div class=\"elementor-spacer-inner\"><\/div>\n\t\t<\/div>\n\t\t\t\t<\/div>\n\t\t\t\t<\/div>\n\t\t\t\t<div class=\"elementor-element elementor-element-8477208 elementor-widget elementor-widget-heading\" data-id=\"8477208\" data-element_type=\"widget\" data-widget_type=\"heading.default\">\n\t\t\t\t<div class=\"elementor-widget-container\">\n\t\t\t<h2 class=\"elementor-heading-title elementor-size-default\">Cuando consultar?<\/h2>\t\t<\/div>\n\t\t\t\t<\/div>\n\t\t\t\t<div class=\"elementor-element elementor-element-ced5c34 elementor-widget elementor-widget-text-editor\" data-id=\"ced5c34\" data-element_type=\"widget\" data-widget_type=\"text-editor.default\">\n\t\t\t\t<div class=\"elementor-widget-container\">\n\t\t\t\t\t\t\t<p>En general, se recomienda que una mujer comience su control cuando presente su menarquia (primera menstruaci\u00f3n). El objetivo de esta primera consulta es educaci\u00f3n y, posteriormente, lo ideal es mantener sus controles una vez al a\u00f1o.<\/p><p>Otras situaciones que ameritan consultar son mujeres que:<\/p><ul><li>No han menstruado a los 15 a\u00f1os<\/li><li>Habitualmente son regulares en sus menstruaciones, pero se vuelven irregulares<\/li><li>Tienen menstruaciones m\u00e1s seguidas que 21 d\u00edas o m\u00e1s distanciadas que 45 d\u00edas<\/li><li>Tienen una menstruaci\u00f3n que dura m\u00e1s de 7 d\u00edas<\/li><li>Su menstruaci\u00f3n es tan abundante que lleva a la necesidad de cambio de toalla higi\u00e9nica o tamp\u00f3n m\u00e1s seguido que cada 2 a 3 horas<\/li><li>Llevan m\u00e1s de tres meses sin menstruaci\u00f3n<\/li><li>Presentan menstruaciones dolorosas que interfieren con la actividad habitual<\/li><li>Tienen molestias en los genitales, como picaz\u00f3n, enrojecimiento o flujo vaginal anormal<\/li><\/ul>\t\t\t\t\t\t<\/div>\n\t\t\t\t<\/div>\n\t\t\t\t<div class=\"elementor-element elementor-element-c2cc97b elementor-aspect-ratio-169 elementor-widget elementor-widget-video\" data-id=\"c2cc97b\" data-element_type=\"widget\" data-settings=\"{&quot;youtube_url&quot;:&quot;https:\\\/\\\/youtu.be\\\/mAL6Wzp2xS0&quot;,&quot;video_type&quot;:&quot;youtube&quot;,&quot;controls&quot;:&quot;yes&quot;,&quot;aspect_ratio&quot;:&quot;169&quot;}\" data-widget_type=\"video.default\">\n\t\t\t\t<div class=\"elementor-widget-container\">\n\t\t\t<style>\/*! elementor - v3.7.7 - 20-09-2022 *\/\n.elementor-widget-video .elementor-widget-container{overflow:hidden;-webkit-transform:translateZ(0);transform:translateZ(0)}.elementor-widget-video .elementor-open-inline .elementor-custom-embed-image-overlay{position:absolute;top:0;left:0;width:100%;height:100%;background-size:cover;background-position:50%}.elementor-widget-video .elementor-custom-embed-image-overlay{cursor:pointer;text-align:center}.elementor-widget-video .elementor-custom-embed-image-overlay:hover .elementor-custom-embed-play i{opacity:1}.elementor-widget-video .elementor-custom-embed-image-overlay img{display:block;width:100%}.elementor-widget-video .e-hosted-video .elementor-video{-o-object-fit:cover;object-fit:cover}.e-container>.elementor-widget-video{width:var(--container-widget-width,100%)}<\/style>\t\t<div class=\"elementor-wrapper elementor-fit-aspect-ratio elementor-open-inline\">\n\t\t\t<div class=\"elementor-video\"><\/div>\t\t<\/div>\n\t\t\t\t<\/div>\n\t\t\t\t<\/div>\n\t\t\t\t\t<\/div>\n\t\t<\/div>\n\t\t\t\t<div class=\"elementor-column elementor-col-33 elementor-top-column elementor-element elementor-element-2b5be42\" data-id=\"2b5be42\" data-element_type=\"column\">\n\t\t\t<div class=\"elementor-widget-wrap elementor-element-populated\">\n\t\t\t\t\t\t\t\t<div class=\"elementor-element elementor-element-7f38b0f elementor-widget elementor-widget-heading\" data-id=\"7f38b0f\" data-element_type=\"widget\" data-widget_type=\"heading.default\">\n\t\t\t\t<div class=\"elementor-widget-container\">\n\t\t\t<h2 class=\"elementor-heading-title elementor-size-default\">Agenda tu cita<\/h2>\t\t<\/div>\n\t\t\t\t<\/div>\n\t\t\t\t<div class=\"elementor-element elementor-element-25024c4 elementor-button-info elementor-align-center elementor-widget elementor-widget-button\" data-id=\"25024c4\" data-element_type=\"widget\" data-widget_type=\"button.default\">\n\t\t\t\t<div class=\"elementor-widget-container\">\n\t\t\t\t\t<div class=\"elementor-button-wrapper\">\n\t\t\t<a href=\"http:\/\/dragabrielaenriquez.com\/index.php\/contacto\/\" class=\"elementor-button-link elementor-button elementor-size-md elementor-animation-shrink\" role=\"button\">\n\t\t\t\t\t\t<span class=\"elementor-button-content-wrapper\">\n\t\t\t\t\t\t\t<span class=\"elementor-button-icon elementor-align-icon-left\">\n\t\t\t\t<i aria-hidden=\"true\" class=\"fas fa-clipboard-list\"><\/i>\t\t\t<\/span>\n\t\t\t\t\t\t<span class=\"elementor-button-text\">Haz clic aqu\u00ed<\/span>\n\t\t<\/span>\n\t\t\t\t\t<\/a>\n\t\t<\/div>\n\t\t\t\t<\/div>\n\t\t\t\t<\/div>\n\t\t\t\t<div class=\"elementor-element elementor-element-12c46c2 elementor-widget elementor-widget-spacer\" data-id=\"12c46c2\" data-element_type=\"widget\" data-widget_type=\"spacer.default\">\n\t\t\t\t<div class=\"elementor-widget-container\">\n\t\t\t\t\t<div class=\"elementor-spacer\">\n\t\t\t<div class=\"elementor-spacer-inner\"><\/div>\n\t\t<\/div>\n\t\t\t\t<\/div>\n\t\t\t\t<\/div>\n\t\t\t\t\t<\/div>\n\t\t<\/div>\n\t\t\t\t\t\t\t<\/div>\n\t\t<\/section>\n\t\t\t\t<section class=\"elementor-section elementor-top-section elementor-element elementor-element-3892b81 elementor-section-boxed elementor-section-height-default elementor-section-height-default\" data-id=\"3892b81\" data-element_type=\"section\">\n\t\t\t\t\t\t<div class=\"elementor-container elementor-column-gap-default\">\n\t\t\t\t\t<div class=\"elementor-column elementor-col-100 elementor-top-column elementor-element elementor-element-3e11b84\" data-id=\"3e11b84\" data-element_type=\"column\">\n\t\t\t<div class=\"elementor-widget-wrap elementor-element-populated\">\n\t\t\t\t\t\t\t\t<div class=\"elementor-element elementor-element-07ce858 elementor-widget elementor-widget-spacer\" data-id=\"07ce858\" data-element_type=\"widget\" data-widget_type=\"spacer.default\">\n\t\t\t\t<div class=\"elementor-widget-container\">\n\t\t\t\t\t<div class=\"elementor-spacer\">\n\t\t\t<div class=\"elementor-spacer-inner\"><\/div>\n\t\t<\/div>\n\t\t\t\t<\/div>\n\t\t\t\t<\/div>\n\t\t\t\t\t<\/div>\n\t\t<\/div>\n\t\t\t\t\t\t\t<\/div>\n\t\t<\/section>\n\t\t\t\t\t\t\t<\/div>\n\t\t","protected":false},"excerpt":{"rendered":"<p>Adolescentes Se ofrece una atenci\u00f3n especializada a las adolescentes, con \u00e9nfasis en el autocuidado y la prevenci\u00f3n del desarrollo de patolog\u00edas que a futuro puedan comprometer la salud de la mujer. Tambi\u00e9n se realiza educaci\u00f3n para poder distinguir entre los cambios normales (fisiol\u00f3gicos) que se producen a esta edad versus signos y s\u00edntomas sugerentes de [&hellip;]<\/p>\n","protected":false},"author":2,"featured_media":0,"parent":0,"menu_order":0,"comment_status":"closed","ping_status":"closed","template":"","meta":{"om_disable_all_campaigns":false,"_monsterinsights_skip_tracking":false,"_monsterinsights_sitenote_active":false,"_monsterinsights_sitenote_note":"","_monsterinsights_sitenote_category":0},"aioseo_notices":[],"yoast_head":"<!-- This site is optimized with the Yoast SEO plugin v20.1 - https:\/\/yoast.com\/wordpress\/plugins\/seo\/ -->\n<title>Adolescentes<\/title>\n<meta name=\"robots\" content=\"index, follow, max-snippet:-1, max-image-preview:large, max-video-preview:-1\" \/>\n<link rel=\"canonical\" href=\"http:\/\/dragabrielaenriquez.com\/index.php\/adolescentes\/\" \/>\n<meta property=\"og:locale\" content=\"es_ES\" \/>\n<meta property=\"og:type\" content=\"article\" \/>\n<meta property=\"og:title\" content=\"Adolescentes\" \/>\n<meta property=\"og:description\" content=\"Adolescentes Se ofrece una atenci\u00f3n especializada a las adolescentes, con \u00e9nfasis en el autocuidado y la prevenci\u00f3n del desarrollo de patolog\u00edas que a futuro puedan comprometer la salud de la mujer. Tambi\u00e9n se realiza educaci\u00f3n para poder distinguir entre los cambios normales (fisiol\u00f3gicos) que se producen a esta edad versus signos y s\u00edntomas sugerentes de [&hellip;]\" \/>\n<meta property=\"og:url\" content=\"http:\/\/dragabrielaenriquez.com\/index.php\/adolescentes\/\" \/>\n<meta property=\"og:site_name\" content=\"Dra. Gabriela Enr\u00edquez\" \/>\n<meta property=\"article:publisher\" content=\"https:\/\/www.facebook.com\/ginecologaobstetraecuador\" \/>\n<meta property=\"article:modified_time\" content=\"2022-09-29T21:50:31+00:00\" \/>\n<meta property=\"og:image\" content=\"http:\/\/dragabrielaenriquez.com\/wp-content\/uploads\/2022\/09\/SexualidadFemenina-1920x1080-1-1024x576.jpg\" \/>\n<meta name=\"twitter:card\" content=\"summary_large_image\" \/>\n<meta name=\"twitter:label1\" content=\"Tiempo de lectura\" \/>\n\t<meta name=\"twitter:data1\" content=\"1 minuto\" \/>\n<script type=\"application\/ld+json\" class=\"yoast-schema-graph\">{\"@context\":\"https:\/\/schema.org\",\"@graph\":[{\"@type\":\"WebPage\",\"@id\":\"http:\/\/dragabrielaenriquez.com\/index.php\/adolescentes\/\",\"url\":\"http:\/\/dragabrielaenriquez.com\/index.php\/adolescentes\/\",\"name\":\"Adolescentes\",\"isPartOf\":{\"@id\":\"http:\/\/dragabrielaenriquez.com\/#website\"},\"datePublished\":\"2022-09-24T02:32:37+00:00\",\"dateModified\":\"2022-09-29T21:50:31+00:00\",\"breadcrumb\":{\"@id\":\"http:\/\/dragabrielaenriquez.com\/index.php\/adolescentes\/#breadcrumb\"},\"inLanguage\":\"es\",\"potentialAction\":[{\"@type\":\"ReadAction\",\"target\":[\"http:\/\/dragabrielaenriquez.com\/index.php\/adolescentes\/\"]}]},{\"@type\":\"BreadcrumbList\",\"@id\":\"http:\/\/dragabrielaenriquez.com\/index.php\/adolescentes\/#breadcrumb\",\"itemListElement\":[{\"@type\":\"ListItem\",\"position\":1,\"name\":\"Portada\",\"item\":\"http:\/\/dragabrielaenriquez.com\/\"},{\"@type\":\"ListItem\",\"position\":2,\"name\":\"Adolescentes\"}]},{\"@type\":\"WebSite\",\"@id\":\"http:\/\/dragabrielaenriquez.com\/#website\",\"url\":\"http:\/\/dragabrielaenriquez.com\/\",\"name\":\"Dra. Gabriela Enr\u00edquez, Ginecologa\",\"description\":\"Ginec\u00f3loga - Obstetra - Sex\u00f3loga Cl\u00ednica\",\"publisher\":{\"@id\":\"http:\/\/dragabrielaenriquez.com\/#organization\"},\"potentialAction\":[{\"@type\":\"SearchAction\",\"target\":{\"@type\":\"EntryPoint\",\"urlTemplate\":\"http:\/\/dragabrielaenriquez.com\/?s={search_term_string}\"},\"query-input\":\"required name=search_term_string\"}],\"inLanguage\":\"es\"},{\"@type\":\"Organization\",\"@id\":\"http:\/\/dragabrielaenriquez.com\/#organization\",\"name\":\"Dra. Gabriela Enr\u00edquez, Ginecologia\",\"url\":\"http:\/\/dragabrielaenriquez.com\/\",\"logo\":{\"@type\":\"ImageObject\",\"inLanguage\":\"es\",\"@id\":\"http:\/\/dragabrielaenriquez.com\/#\/schema\/logo\/image\/\",\"url\":\"http:\/\/dragabrielaenriquez.com\/wp-content\/uploads\/2022\/08\/cropped-cropped-logo-color.png\",\"contentUrl\":\"http:\/\/dragabrielaenriquez.com\/wp-content\/uploads\/2022\/08\/cropped-cropped-logo-color.png\",\"width\":220,\"height\":90,\"caption\":\"Dra. Gabriela Enr\u00edquez, Ginecologia\"},\"image\":{\"@id\":\"http:\/\/dragabrielaenriquez.com\/#\/schema\/logo\/image\/\"},\"sameAs\":[\"https:\/\/www.facebook.com\/ginecologaobstetraecuador\"]}]}<\/script>\n<!-- \/ Yoast SEO plugin. -->","yoast_head_json":{"title":"Adolescentes","robots":{"index":"index","follow":"follow","max-snippet":"max-snippet:-1","max-image-preview":"max-image-preview:large","max-video-preview":"max-video-preview:-1"},"canonical":"http:\/\/dragabrielaenriquez.com\/index.php\/adolescentes\/","og_locale":"es_ES","og_type":"article","og_title":"Adolescentes","og_description":"Adolescentes Se ofrece una atenci\u00f3n especializada a las adolescentes, con \u00e9nfasis en el autocuidado y la prevenci\u00f3n del desarrollo de patolog\u00edas que a futuro puedan comprometer la salud de la mujer. Tambi\u00e9n se realiza educaci\u00f3n para poder distinguir entre los cambios normales (fisiol\u00f3gicos) que se producen a esta edad versus signos y s\u00edntomas sugerentes de [&hellip;]","og_url":"http:\/\/dragabrielaenriquez.com\/index.php\/adolescentes\/","og_site_name":"Dra. Gabriela Enr\u00edquez","article_publisher":"https:\/\/www.facebook.com\/ginecologaobstetraecuador","article_modified_time":"2022-09-29T21:50:31+00:00","og_image":[{"url":"http:\/\/dragabrielaenriquez.com\/wp-content\/uploads\/2022\/09\/SexualidadFemenina-1920x1080-1-1024x576.jpg"}],"twitter_card":"summary_large_image","twitter_misc":{"Tiempo de lectura":"1 minuto"},"schema":{"@context":"https:\/\/schema.org","@graph":[{"@type":"WebPage","@id":"http:\/\/dragabrielaenriquez.com\/index.php\/adolescentes\/","url":"http:\/\/dragabrielaenriquez.com\/index.php\/adolescentes\/","name":"Adolescentes","isPartOf":{"@id":"http:\/\/dragabrielaenriquez.com\/#website"},"datePublished":"2022-09-24T02:32:37+00:00","dateModified":"2022-09-29T21:50:31+00:00","breadcrumb":{"@id":"http:\/\/dragabrielaenriquez.com\/index.php\/adolescentes\/#breadcrumb"},"inLanguage":"es","potentialAction":[{"@type":"ReadAction","target":["http:\/\/dragabrielaenriquez.com\/index.php\/adolescentes\/"]}]},{"@type":"BreadcrumbList","@id":"http:\/\/dragabrielaenriquez.com\/index.php\/adolescentes\/#breadcrumb","itemListElement":[{"@type":"ListItem","position":1,"name":"Portada","item":"http:\/\/dragabrielaenriquez.com\/"},{"@type":"ListItem","position":2,"name":"Adolescentes"}]},{"@type":"WebSite","@id":"http:\/\/dragabrielaenriquez.com\/#website","url":"http:\/\/dragabrielaenriquez.com\/","name":"Dra. Gabriela Enr\u00edquez, Ginecologa","description":"Ginec\u00f3loga - Obstetra - Sex\u00f3loga Cl\u00ednica","publisher":{"@id":"http:\/\/dragabrielaenriquez.com\/#organization"},"potentialAction":[{"@type":"SearchAction","target":{"@type":"EntryPoint","urlTemplate":"http:\/\/dragabrielaenriquez.com\/?s={search_term_string}"},"query-input":"required name=search_term_string"}],"inLanguage":"es"},{"@type":"Organization","@id":"http:\/\/dragabrielaenriquez.com\/#organization","name":"Dra. Gabriela Enr\u00edquez, Ginecologia","url":"http:\/\/dragabrielaenriquez.com\/","logo":{"@type":"ImageObject","inLanguage":"es","@id":"http:\/\/dragabrielaenriquez.com\/#\/schema\/logo\/image\/","url":"http:\/\/dragabrielaenriquez.com\/wp-content\/uploads\/2022\/08\/cropped-cropped-logo-color.png","contentUrl":"http:\/\/dragabrielaenriquez.com\/wp-content\/uploads\/2022\/08\/cropped-cropped-logo-color.png","width":220,"height":90,"caption":"Dra. Gabriela Enr\u00edquez, Ginecologia"},"image":{"@id":"http:\/\/dragabrielaenriquez.com\/#\/schema\/logo\/image\/"},"sameAs":["https:\/\/www.facebook.com\/ginecologaobstetraecuador"]}]}},"_links":{"self":[{"href":"http:\/\/dragabrielaenriquez.com\/index.php\/wp-json\/wp\/v2\/pages\/972"}],"collection":[{"href":"http:\/\/dragabrielaenriquez.com\/index.php\/wp-json\/wp\/v2\/pages"}],"about":[{"href":"http:\/\/dragabrielaenriquez.com\/index.php\/wp-json\/wp\/v2\/types\/page"}],"author":[{"embeddable":true,"href":"http:\/\/dragabrielaenriquez.com\/index.php\/wp-json\/wp\/v2\/users\/2"}],"replies":[{"embeddable":true,"href":"http:\/\/dragabrielaenriquez.com\/index.php\/wp-json\/wp\/v2\/comments?post=972"}],"version-history":[{"count":19,"href":"http:\/\/dragabrielaenriquez.com\/index.php\/wp-json\/wp\/v2\/pages\/972\/revisions"}],"predecessor-version":[{"id":1313,"href":"http:\/\/dragabrielaenriquez.com\/index.php\/wp-json\/wp\/v2\/pages\/972\/revisions\/1313"}],"wp:attachment":[{"href":"http:\/\/dragabrielaenriquez.com\/index.php\/wp-json\/wp\/v2\/media?parent=972"}],"curies":[{"name":"wp","href":"https:\/\/api.w.org\/{rel}","templated":true}]}}