{"id":956,"date":"2022-09-24T02:13:18","date_gmt":"2022-09-24T02:13:18","guid":{"rendered":"http:\/\/dragabrielaenriquez.com\/?page_id=956"},"modified":"2022-09-29T21:40:09","modified_gmt":"2022-09-29T21:40:09","slug":"climaterio","status":"publish","type":"page","link":"http:\/\/dragabrielaenriquez.com\/index.php\/climaterio\/","title":{"rendered":"Climaterio"},"content":{"rendered":"\t\t<div data-elementor-type=\"wp-page\" data-elementor-id=\"956\" class=\"elementor elementor-956\">\n\t\t\t\t\t\t\t\t\t<section class=\"elementor-section elementor-top-section elementor-element elementor-element-a2c3113 elementor-section-boxed elementor-section-height-default elementor-section-height-default\" data-id=\"a2c3113\" data-element_type=\"section\">\n\t\t\t\t\t\t<div class=\"elementor-container elementor-column-gap-default\">\n\t\t\t\t\t<div class=\"elementor-column elementor-col-100 elementor-top-column elementor-element elementor-element-56ef1fb\" data-id=\"56ef1fb\" data-element_type=\"column\">\n\t\t\t<div class=\"elementor-widget-wrap elementor-element-populated\">\n\t\t\t\t\t\t\t\t<div class=\"elementor-element elementor-element-16ed422 elementor-widget elementor-widget-spacer\" data-id=\"16ed422\" data-element_type=\"widget\" data-widget_type=\"spacer.default\">\n\t\t\t\t<div class=\"elementor-widget-container\">\n\t\t\t<style>\/*! elementor - v3.7.7 - 20-09-2022 *\/\n.elementor-column .elementor-spacer-inner{height:var(--spacer-size)}.e-container{--container-widget-width:100%}.e-container>.elementor-widget-spacer{width:var(--container-widget-width,var(--spacer-size));-ms-flex-item-align:stretch;align-self:stretch;-ms-flex-negative:0;flex-shrink:0}.e-container>.elementor-widget-spacer>.elementor-widget-container,.e-container>.elementor-widget-spacer>.elementor-widget-container>.elementor-spacer{height:100%}.e-container>.elementor-widget-spacer>.elementor-widget-container>.elementor-spacer>.elementor-spacer-inner{height:var(--container-widget-height,var(--spacer-size))}<\/style>\t\t<div class=\"elementor-spacer\">\n\t\t\t<div class=\"elementor-spacer-inner\"><\/div>\n\t\t<\/div>\n\t\t\t\t<\/div>\n\t\t\t\t<\/div>\n\t\t\t\t\t<\/div>\n\t\t<\/div>\n\t\t\t\t\t\t\t<\/div>\n\t\t<\/section>\n\t\t\t\t<section class=\"elementor-section elementor-top-section elementor-element elementor-element-e0e3f21 elementor-section-boxed elementor-section-height-default elementor-section-height-default elementor-invisible\" data-id=\"e0e3f21\" data-element_type=\"section\" data-settings=\"{&quot;animation&quot;:&quot;fadeInLeft&quot;}\">\n\t\t\t\t\t\t<div class=\"elementor-container elementor-column-gap-default\">\n\t\t\t\t\t<div class=\"elementor-column elementor-col-100 elementor-top-column elementor-element elementor-element-975f4ab\" data-id=\"975f4ab\" data-element_type=\"column\">\n\t\t\t<div class=\"elementor-widget-wrap elementor-element-populated\">\n\t\t\t\t\t\t\t\t<div class=\"elementor-element elementor-element-f67652b elementor-widget elementor-widget-heading\" data-id=\"f67652b\" data-element_type=\"widget\" data-widget_type=\"heading.default\">\n\t\t\t\t<div class=\"elementor-widget-container\">\n\t\t\t<style>\/*! elementor - v3.7.7 - 20-09-2022 *\/\n.elementor-heading-title{padding:0;margin:0;line-height:1}.elementor-widget-heading .elementor-heading-title[class*=elementor-size-]>a{color:inherit;font-size:inherit;line-height:inherit}.elementor-widget-heading .elementor-heading-title.elementor-size-small{font-size:15px}.elementor-widget-heading .elementor-heading-title.elementor-size-medium{font-size:19px}.elementor-widget-heading .elementor-heading-title.elementor-size-large{font-size:29px}.elementor-widget-heading .elementor-heading-title.elementor-size-xl{font-size:39px}.elementor-widget-heading .elementor-heading-title.elementor-size-xxl{font-size:59px}<\/style><h2 class=\"elementor-heading-title elementor-size-default\">Qu\u00e9 es el climaterio?<\/h2>\t\t<\/div>\n\t\t\t\t<\/div>\n\t\t\t\t\t<\/div>\n\t\t<\/div>\n\t\t\t\t\t\t\t<\/div>\n\t\t<\/section>\n\t\t\t\t<section class=\"elementor-section elementor-top-section elementor-element elementor-element-1b17753 elementor-section-boxed elementor-section-height-default elementor-section-height-default elementor-invisible\" data-id=\"1b17753\" data-element_type=\"section\" data-settings=\"{&quot;animation&quot;:&quot;fadeInRight&quot;}\">\n\t\t\t\t\t\t<div class=\"elementor-container elementor-column-gap-extended\">\n\t\t\t\t\t<div class=\"elementor-column elementor-col-66 elementor-top-column elementor-element elementor-element-b3e6568\" data-id=\"b3e6568\" data-element_type=\"column\">\n\t\t\t<div class=\"elementor-widget-wrap elementor-element-populated\">\n\t\t\t\t\t\t\t\t<div class=\"elementor-element elementor-element-1222e74 elementor-widget elementor-widget-text-editor\" data-id=\"1222e74\" data-element_type=\"widget\" data-widget_type=\"text-editor.default\">\n\t\t\t\t<div class=\"elementor-widget-container\">\n\t\t\t<style>\/*! elementor - v3.7.7 - 20-09-2022 *\/\n.elementor-widget-text-editor.elementor-drop-cap-view-stacked .elementor-drop-cap{background-color:#818a91;color:#fff}.elementor-widget-text-editor.elementor-drop-cap-view-framed .elementor-drop-cap{color:#818a91;border:3px solid;background-color:transparent}.elementor-widget-text-editor:not(.elementor-drop-cap-view-default) .elementor-drop-cap{margin-top:8px}.elementor-widget-text-editor:not(.elementor-drop-cap-view-default) .elementor-drop-cap-letter{width:1em;height:1em}.elementor-widget-text-editor .elementor-drop-cap{float:left;text-align:center;line-height:1;font-size:50px}.elementor-widget-text-editor .elementor-drop-cap-letter{display:inline-block}<\/style>\t\t\t\t<p>Lleg\u00f3 el tiempo de dejar atr\u00e1s los comentarios negativos sobre la menopausia. Hoy existen muchas opciones para hacer de \u00e9sta una gran etapa en la vida de la mujer. Disfrutar es aqu\u00ed y ahora.<\/p><p><strong>Menopausia:<\/strong>\u00a0Es un tema del que a pocas mujeres les gusta hablar y que en casi todas produce, en mayor o menor grado, un cierto temor. Es que el<strong>\u00a0climaterio<\/strong>\u00a0es una etapa en la vida de la mujer frente a la cual surgen una serie de preguntas y en torno a la que existen muchos mitos y prejuicios.<\/p><p>\u201cEl\u00a0<strong>climaterio<\/strong>\u00a0puede ser un excelente momento en la vida de las mujeres y para eso, lo principal es que se dise\u00f1en estrategias de salud individuales, de acuerdo a las necesidades y expectativas que cada una tenga\u201d.<\/p>\t\t\t\t\t\t<\/div>\n\t\t\t\t<\/div>\n\t\t\t\t<div class=\"elementor-element elementor-element-900c32a elementor-widget elementor-widget-image\" data-id=\"900c32a\" data-element_type=\"widget\" data-widget_type=\"image.default\">\n\t\t\t\t<div class=\"elementor-widget-container\">\n\t\t\t<style>\/*! elementor - v3.7.7 - 20-09-2022 *\/\n.elementor-widget-image{text-align:center}.elementor-widget-image a{display:inline-block}.elementor-widget-image a img[src$=\".svg\"]{width:48px}.elementor-widget-image img{vertical-align:middle;display:inline-block}<\/style>\t\t\t\t\t\t\t\t\t\t\t\t<img width=\"480\" height=\"270\" src=\"http:\/\/dragabrielaenriquez.com\/wp-content\/uploads\/2022\/09\/Addyi_000033524710_XXXLarge.jpg\" class=\"attachment-large size-large\" alt=\"\" loading=\"lazy\" srcset=\"http:\/\/dragabrielaenriquez.com\/wp-content\/uploads\/2022\/09\/Addyi_000033524710_XXXLarge.jpg 480w, http:\/\/dragabrielaenriquez.com\/wp-content\/uploads\/2022\/09\/Addyi_000033524710_XXXLarge-300x169.jpg 300w\" sizes=\"(max-width: 480px) 100vw, 480px\" \/>\t\t\t\t\t\t\t\t\t\t\t\t\t\t\t<\/div>\n\t\t\t\t<\/div>\n\t\t\t\t<div class=\"elementor-element elementor-element-4c6fffd elementor-widget elementor-widget-spacer\" data-id=\"4c6fffd\" data-element_type=\"widget\" data-widget_type=\"spacer.default\">\n\t\t\t\t<div class=\"elementor-widget-container\">\n\t\t\t\t\t<div class=\"elementor-spacer\">\n\t\t\t<div class=\"elementor-spacer-inner\"><\/div>\n\t\t<\/div>\n\t\t\t\t<\/div>\n\t\t\t\t<\/div>\n\t\t\t\t<div class=\"elementor-element elementor-element-8477208 elementor-widget elementor-widget-heading\" data-id=\"8477208\" data-element_type=\"widget\" data-widget_type=\"heading.default\">\n\t\t\t\t<div class=\"elementor-widget-container\">\n\t\t\t<h2 class=\"elementor-heading-title elementor-size-default\">Menopausia y climaterio \u00bfCu\u00e1l es la diferencia?<\/h2>\t\t<\/div>\n\t\t\t\t<\/div>\n\t\t\t\t<div class=\"elementor-element elementor-element-ced5c34 elementor-widget elementor-widget-text-editor\" data-id=\"ced5c34\" data-element_type=\"widget\" data-widget_type=\"text-editor.default\">\n\t\t\t\t<div class=\"elementor-widget-container\">\n\t\t\t\t\t\t\t<p>La palabra menopausia se refiere a una fecha en concreto: la \u00faltima vez que la mujer tuvo su menstruaci\u00f3n. El climaterio, en cambio, se relaciona con los cambios que experimenta la mujer antes, durante y despu\u00e9s de la menopausia.\u00a0<\/p><p>En t\u00e9rminos m\u00e9dicos, la menopausia se produce porque los ovarios dejan de producir hormonas femeninas \u2013estr\u00f3genos y progesterona\u2013, que son sumamente importantes en la vida de la mujer y que poseen receptores en distintas partes del cuerpo; as\u00ed, cuando dejan de estar presentes, se produce un deterioro gradual en diversos \u00f3rganos.<\/p>\t\t\t\t\t\t<\/div>\n\t\t\t\t<\/div>\n\t\t\t\t\t<\/div>\n\t\t<\/div>\n\t\t\t\t<div class=\"elementor-column elementor-col-33 elementor-top-column elementor-element elementor-element-2b5be42\" data-id=\"2b5be42\" data-element_type=\"column\">\n\t\t\t<div class=\"elementor-widget-wrap elementor-element-populated\">\n\t\t\t\t\t\t\t\t<div class=\"elementor-element elementor-element-7f38b0f elementor-widget elementor-widget-heading\" data-id=\"7f38b0f\" data-element_type=\"widget\" data-widget_type=\"heading.default\">\n\t\t\t\t<div class=\"elementor-widget-container\">\n\t\t\t<h2 class=\"elementor-heading-title elementor-size-default\">Agenda tu cita<\/h2>\t\t<\/div>\n\t\t\t\t<\/div>\n\t\t\t\t<div class=\"elementor-element elementor-element-25024c4 elementor-button-info elementor-align-center elementor-widget elementor-widget-button\" data-id=\"25024c4\" data-element_type=\"widget\" data-widget_type=\"button.default\">\n\t\t\t\t<div class=\"elementor-widget-container\">\n\t\t\t\t\t<div class=\"elementor-button-wrapper\">\n\t\t\t<a href=\"http:\/\/dragabrielaenriquez.com\/index.php\/contacto\/\" class=\"elementor-button-link elementor-button elementor-size-md elementor-animation-shrink\" role=\"button\">\n\t\t\t\t\t\t<span class=\"elementor-button-content-wrapper\">\n\t\t\t\t\t\t\t<span class=\"elementor-button-icon elementor-align-icon-left\">\n\t\t\t\t<i aria-hidden=\"true\" class=\"fas fa-clipboard-list\"><\/i>\t\t\t<\/span>\n\t\t\t\t\t\t<span class=\"elementor-button-text\">Haz clic aqu\u00ed<\/span>\n\t\t<\/span>\n\t\t\t\t\t<\/a>\n\t\t<\/div>\n\t\t\t\t<\/div>\n\t\t\t\t<\/div>\n\t\t\t\t<div class=\"elementor-element elementor-element-12c46c2 elementor-widget elementor-widget-spacer\" data-id=\"12c46c2\" data-element_type=\"widget\" data-widget_type=\"spacer.default\">\n\t\t\t\t<div class=\"elementor-widget-container\">\n\t\t\t\t\t<div class=\"elementor-spacer\">\n\t\t\t<div class=\"elementor-spacer-inner\"><\/div>\n\t\t<\/div>\n\t\t\t\t<\/div>\n\t\t\t\t<\/div>\n\t\t\t\t\t<\/div>\n\t\t<\/div>\n\t\t\t\t\t\t\t<\/div>\n\t\t<\/section>\n\t\t\t\t<section class=\"elementor-section elementor-top-section elementor-element elementor-element-61bdbea elementor-section-boxed elementor-section-height-default elementor-section-height-default\" data-id=\"61bdbea\" data-element_type=\"section\">\n\t\t\t\t\t\t<div class=\"elementor-container elementor-column-gap-default\">\n\t\t\t\t\t<div class=\"elementor-column elementor-col-100 elementor-top-column elementor-element elementor-element-0325e2a\" data-id=\"0325e2a\" data-element_type=\"column\">\n\t\t\t<div class=\"elementor-widget-wrap elementor-element-populated\">\n\t\t\t\t\t\t\t\t<div class=\"elementor-element elementor-element-1d699a0 elementor-widget elementor-widget-spacer\" data-id=\"1d699a0\" data-element_type=\"widget\" data-widget_type=\"spacer.default\">\n\t\t\t\t<div class=\"elementor-widget-container\">\n\t\t\t\t\t<div class=\"elementor-spacer\">\n\t\t\t<div class=\"elementor-spacer-inner\"><\/div>\n\t\t<\/div>\n\t\t\t\t<\/div>\n\t\t\t\t<\/div>\n\t\t\t\t\t<\/div>\n\t\t<\/div>\n\t\t\t\t\t\t\t<\/div>\n\t\t<\/section>\n\t\t\t\t\t\t\t<\/div>\n\t\t","protected":false},"excerpt":{"rendered":"<p>Qu\u00e9 es el climaterio? Lleg\u00f3 el tiempo de dejar atr\u00e1s los comentarios negativos sobre la menopausia. Hoy existen muchas opciones para hacer de \u00e9sta una gran etapa en la vida de la mujer. Disfrutar es aqu\u00ed y ahora. Menopausia:\u00a0Es un tema del que a pocas mujeres les gusta hablar y que en casi todas produce, [&hellip;]<\/p>\n","protected":false},"author":2,"featured_media":0,"parent":0,"menu_order":0,"comment_status":"closed","ping_status":"closed","template":"","meta":{"om_disable_all_campaigns":false,"_monsterinsights_skip_tracking":false,"_monsterinsights_sitenote_active":false,"_monsterinsights_sitenote_note":"","_monsterinsights_sitenote_category":0},"aioseo_notices":[],"yoast_head":"<!-- This site is optimized with the Yoast SEO plugin v20.1 - https:\/\/yoast.com\/wordpress\/plugins\/seo\/ -->\n<title>Climaterio<\/title>\n<meta name=\"robots\" content=\"index, follow, max-snippet:-1, max-image-preview:large, max-video-preview:-1\" \/>\n<link rel=\"canonical\" href=\"http:\/\/dragabrielaenriquez.com\/index.php\/climaterio\/\" \/>\n<meta property=\"og:locale\" content=\"es_ES\" \/>\n<meta property=\"og:type\" content=\"article\" \/>\n<meta property=\"og:title\" content=\"Climaterio\" \/>\n<meta property=\"og:description\" content=\"Qu\u00e9 es el climaterio? Lleg\u00f3 el tiempo de dejar atr\u00e1s los comentarios negativos sobre la menopausia. Hoy existen muchas opciones para hacer de \u00e9sta una gran etapa en la vida de la mujer. Disfrutar es aqu\u00ed y ahora. Menopausia:\u00a0Es un tema del que a pocas mujeres les gusta hablar y que en casi todas produce, [&hellip;]\" \/>\n<meta property=\"og:url\" content=\"http:\/\/dragabrielaenriquez.com\/index.php\/climaterio\/\" \/>\n<meta property=\"og:site_name\" content=\"Dra. Gabriela Enr\u00edquez\" \/>\n<meta property=\"article:publisher\" content=\"https:\/\/www.facebook.com\/ginecologaobstetraecuador\" \/>\n<meta property=\"article:modified_time\" content=\"2022-09-29T21:40:09+00:00\" \/>\n<meta property=\"og:image\" content=\"http:\/\/dragabrielaenriquez.com\/wp-content\/uploads\/2022\/09\/Addyi_000033524710_XXXLarge.jpg\" \/>\n<meta name=\"twitter:card\" content=\"summary_large_image\" \/>\n<meta name=\"twitter:label1\" content=\"Tiempo de lectura\" \/>\n\t<meta name=\"twitter:data1\" content=\"1 minuto\" \/>\n<script type=\"application\/ld+json\" class=\"yoast-schema-graph\">{\"@context\":\"https:\/\/schema.org\",\"@graph\":[{\"@type\":\"WebPage\",\"@id\":\"http:\/\/dragabrielaenriquez.com\/index.php\/climaterio\/\",\"url\":\"http:\/\/dragabrielaenriquez.com\/index.php\/climaterio\/\",\"name\":\"Climaterio\",\"isPartOf\":{\"@id\":\"http:\/\/dragabrielaenriquez.com\/#website\"},\"datePublished\":\"2022-09-24T02:13:18+00:00\",\"dateModified\":\"2022-09-29T21:40:09+00:00\",\"breadcrumb\":{\"@id\":\"http:\/\/dragabrielaenriquez.com\/index.php\/climaterio\/#breadcrumb\"},\"inLanguage\":\"es\",\"potentialAction\":[{\"@type\":\"ReadAction\",\"target\":[\"http:\/\/dragabrielaenriquez.com\/index.php\/climaterio\/\"]}]},{\"@type\":\"BreadcrumbList\",\"@id\":\"http:\/\/dragabrielaenriquez.com\/index.php\/climaterio\/#breadcrumb\",\"itemListElement\":[{\"@type\":\"ListItem\",\"position\":1,\"name\":\"Portada\",\"item\":\"http:\/\/dragabrielaenriquez.com\/\"},{\"@type\":\"ListItem\",\"position\":2,\"name\":\"Climaterio\"}]},{\"@type\":\"WebSite\",\"@id\":\"http:\/\/dragabrielaenriquez.com\/#website\",\"url\":\"http:\/\/dragabrielaenriquez.com\/\",\"name\":\"Dra. Gabriela Enr\u00edquez, Ginecologa\",\"description\":\"Ginec\u00f3loga - Obstetra - Sex\u00f3loga Cl\u00ednica\",\"publisher\":{\"@id\":\"http:\/\/dragabrielaenriquez.com\/#organization\"},\"potentialAction\":[{\"@type\":\"SearchAction\",\"target\":{\"@type\":\"EntryPoint\",\"urlTemplate\":\"http:\/\/dragabrielaenriquez.com\/?s={search_term_string}\"},\"query-input\":\"required name=search_term_string\"}],\"inLanguage\":\"es\"},{\"@type\":\"Organization\",\"@id\":\"http:\/\/dragabrielaenriquez.com\/#organization\",\"name\":\"Dra. Gabriela Enr\u00edquez, Ginecologia\",\"url\":\"http:\/\/dragabrielaenriquez.com\/\",\"logo\":{\"@type\":\"ImageObject\",\"inLanguage\":\"es\",\"@id\":\"http:\/\/dragabrielaenriquez.com\/#\/schema\/logo\/image\/\",\"url\":\"http:\/\/dragabrielaenriquez.com\/wp-content\/uploads\/2022\/08\/cropped-cropped-logo-color.png\",\"contentUrl\":\"http:\/\/dragabrielaenriquez.com\/wp-content\/uploads\/2022\/08\/cropped-cropped-logo-color.png\",\"width\":220,\"height\":90,\"caption\":\"Dra. Gabriela Enr\u00edquez, Ginecologia\"},\"image\":{\"@id\":\"http:\/\/dragabrielaenriquez.com\/#\/schema\/logo\/image\/\"},\"sameAs\":[\"https:\/\/www.facebook.com\/ginecologaobstetraecuador\"]}]}<\/script>\n<!-- \/ Yoast SEO plugin. -->","yoast_head_json":{"title":"Climaterio","robots":{"index":"index","follow":"follow","max-snippet":"max-snippet:-1","max-image-preview":"max-image-preview:large","max-video-preview":"max-video-preview:-1"},"canonical":"http:\/\/dragabrielaenriquez.com\/index.php\/climaterio\/","og_locale":"es_ES","og_type":"article","og_title":"Climaterio","og_description":"Qu\u00e9 es el climaterio? Lleg\u00f3 el tiempo de dejar atr\u00e1s los comentarios negativos sobre la menopausia. Hoy existen muchas opciones para hacer de \u00e9sta una gran etapa en la vida de la mujer. Disfrutar es aqu\u00ed y ahora. Menopausia:\u00a0Es un tema del que a pocas mujeres les gusta hablar y que en casi todas produce, [&hellip;]","og_url":"http:\/\/dragabrielaenriquez.com\/index.php\/climaterio\/","og_site_name":"Dra. Gabriela Enr\u00edquez","article_publisher":"https:\/\/www.facebook.com\/ginecologaobstetraecuador","article_modified_time":"2022-09-29T21:40:09+00:00","og_image":[{"url":"http:\/\/dragabrielaenriquez.com\/wp-content\/uploads\/2022\/09\/Addyi_000033524710_XXXLarge.jpg"}],"twitter_card":"summary_large_image","twitter_misc":{"Tiempo de lectura":"1 minuto"},"schema":{"@context":"https:\/\/schema.org","@graph":[{"@type":"WebPage","@id":"http:\/\/dragabrielaenriquez.com\/index.php\/climaterio\/","url":"http:\/\/dragabrielaenriquez.com\/index.php\/climaterio\/","name":"Climaterio","isPartOf":{"@id":"http:\/\/dragabrielaenriquez.com\/#website"},"datePublished":"2022-09-24T02:13:18+00:00","dateModified":"2022-09-29T21:40:09+00:00","breadcrumb":{"@id":"http:\/\/dragabrielaenriquez.com\/index.php\/climaterio\/#breadcrumb"},"inLanguage":"es","potentialAction":[{"@type":"ReadAction","target":["http:\/\/dragabrielaenriquez.com\/index.php\/climaterio\/"]}]},{"@type":"BreadcrumbList","@id":"http:\/\/dragabrielaenriquez.com\/index.php\/climaterio\/#breadcrumb","itemListElement":[{"@type":"ListItem","position":1,"name":"Portada","item":"http:\/\/dragabrielaenriquez.com\/"},{"@type":"ListItem","position":2,"name":"Climaterio"}]},{"@type":"WebSite","@id":"http:\/\/dragabrielaenriquez.com\/#website","url":"http:\/\/dragabrielaenriquez.com\/","name":"Dra. Gabriela Enr\u00edquez, Ginecologa","description":"Ginec\u00f3loga - Obstetra - Sex\u00f3loga Cl\u00ednica","publisher":{"@id":"http:\/\/dragabrielaenriquez.com\/#organization"},"potentialAction":[{"@type":"SearchAction","target":{"@type":"EntryPoint","urlTemplate":"http:\/\/dragabrielaenriquez.com\/?s={search_term_string}"},"query-input":"required name=search_term_string"}],"inLanguage":"es"},{"@type":"Organization","@id":"http:\/\/dragabrielaenriquez.com\/#organization","name":"Dra. Gabriela Enr\u00edquez, Ginecologia","url":"http:\/\/dragabrielaenriquez.com\/","logo":{"@type":"ImageObject","inLanguage":"es","@id":"http:\/\/dragabrielaenriquez.com\/#\/schema\/logo\/image\/","url":"http:\/\/dragabrielaenriquez.com\/wp-content\/uploads\/2022\/08\/cropped-cropped-logo-color.png","contentUrl":"http:\/\/dragabrielaenriquez.com\/wp-content\/uploads\/2022\/08\/cropped-cropped-logo-color.png","width":220,"height":90,"caption":"Dra. Gabriela Enr\u00edquez, Ginecologia"},"image":{"@id":"http:\/\/dragabrielaenriquez.com\/#\/schema\/logo\/image\/"},"sameAs":["https:\/\/www.facebook.com\/ginecologaobstetraecuador"]}]}},"_links":{"self":[{"href":"http:\/\/dragabrielaenriquez.com\/index.php\/wp-json\/wp\/v2\/pages\/956"}],"collection":[{"href":"http:\/\/dragabrielaenriquez.com\/index.php\/wp-json\/wp\/v2\/pages"}],"about":[{"href":"http:\/\/dragabrielaenriquez.com\/index.php\/wp-json\/wp\/v2\/types\/page"}],"author":[{"embeddable":true,"href":"http:\/\/dragabrielaenriquez.com\/index.php\/wp-json\/wp\/v2\/users\/2"}],"replies":[{"embeddable":true,"href":"http:\/\/dragabrielaenriquez.com\/index.php\/wp-json\/wp\/v2\/comments?post=956"}],"version-history":[{"count":19,"href":"http:\/\/dragabrielaenriquez.com\/index.php\/wp-json\/wp\/v2\/pages\/956\/revisions"}],"predecessor-version":[{"id":1296,"href":"http:\/\/dragabrielaenriquez.com\/index.php\/wp-json\/wp\/v2\/pages\/956\/revisions\/1296"}],"wp:attachment":[{"href":"http:\/\/dragabrielaenriquez.com\/index.php\/wp-json\/wp\/v2\/media?parent=956"}],"curies":[{"name":"wp","href":"https:\/\/api.w.org\/{rel}","templated":true}]}}