{"id":858,"date":"2022-09-24T00:05:27","date_gmt":"2022-09-24T00:05:27","guid":{"rendered":"http:\/\/dragabrielaenriquez.com\/?page_id=858"},"modified":"2022-09-29T22:53:48","modified_gmt":"2022-09-29T22:53:48","slug":"cuidado-prenatal","status":"publish","type":"page","link":"http:\/\/dragabrielaenriquez.com\/index.php\/cuidado-prenatal\/","title":{"rendered":"Cuidado prenatal"},"content":{"rendered":"\t\t<div data-elementor-type=\"wp-page\" data-elementor-id=\"858\" class=\"elementor elementor-858\">\n\t\t\t\t\t\t\t\t\t<section class=\"elementor-section elementor-top-section elementor-element elementor-element-a2c3113 elementor-section-boxed elementor-section-height-default elementor-section-height-default elementor-invisible\" data-id=\"a2c3113\" data-element_type=\"section\" data-settings=\"{&quot;animation&quot;:&quot;fadeInLeft&quot;}\">\n\t\t\t\t\t\t<div class=\"elementor-container elementor-column-gap-default\">\n\t\t\t\t\t<div class=\"elementor-column elementor-col-100 elementor-top-column elementor-element elementor-element-56ef1fb\" data-id=\"56ef1fb\" data-element_type=\"column\">\n\t\t\t<div class=\"elementor-widget-wrap elementor-element-populated\">\n\t\t\t\t\t\t\t\t<div class=\"elementor-element elementor-element-16ed422 elementor-widget elementor-widget-spacer\" data-id=\"16ed422\" data-element_type=\"widget\" data-widget_type=\"spacer.default\">\n\t\t\t\t<div class=\"elementor-widget-container\">\n\t\t\t<style>\/*! elementor - v3.7.7 - 20-09-2022 *\/\n.elementor-column .elementor-spacer-inner{height:var(--spacer-size)}.e-container{--container-widget-width:100%}.e-container>.elementor-widget-spacer{width:var(--container-widget-width,var(--spacer-size));-ms-flex-item-align:stretch;align-self:stretch;-ms-flex-negative:0;flex-shrink:0}.e-container>.elementor-widget-spacer>.elementor-widget-container,.e-container>.elementor-widget-spacer>.elementor-widget-container>.elementor-spacer{height:100%}.e-container>.elementor-widget-spacer>.elementor-widget-container>.elementor-spacer>.elementor-spacer-inner{height:var(--container-widget-height,var(--spacer-size))}<\/style>\t\t<div class=\"elementor-spacer\">\n\t\t\t<div class=\"elementor-spacer-inner\"><\/div>\n\t\t<\/div>\n\t\t\t\t<\/div>\n\t\t\t\t<\/div>\n\t\t\t\t\t<\/div>\n\t\t<\/div>\n\t\t\t\t\t\t\t<\/div>\n\t\t<\/section>\n\t\t\t\t<section class=\"elementor-section elementor-top-section elementor-element elementor-element-e0e3f21 elementor-section-boxed elementor-section-height-default elementor-section-height-default\" data-id=\"e0e3f21\" data-element_type=\"section\">\n\t\t\t\t\t\t<div class=\"elementor-container elementor-column-gap-default\">\n\t\t\t\t\t<div class=\"elementor-column elementor-col-100 elementor-top-column elementor-element elementor-element-975f4ab\" data-id=\"975f4ab\" data-element_type=\"column\">\n\t\t\t<div class=\"elementor-widget-wrap elementor-element-populated\">\n\t\t\t\t\t\t\t\t<div class=\"elementor-element elementor-element-f67652b elementor-widget elementor-widget-heading\" data-id=\"f67652b\" data-element_type=\"widget\" data-widget_type=\"heading.default\">\n\t\t\t\t<div class=\"elementor-widget-container\">\n\t\t\t<style>\/*! elementor - v3.7.7 - 20-09-2022 *\/\n.elementor-heading-title{padding:0;margin:0;line-height:1}.elementor-widget-heading .elementor-heading-title[class*=elementor-size-]>a{color:inherit;font-size:inherit;line-height:inherit}.elementor-widget-heading .elementor-heading-title.elementor-size-small{font-size:15px}.elementor-widget-heading .elementor-heading-title.elementor-size-medium{font-size:19px}.elementor-widget-heading .elementor-heading-title.elementor-size-large{font-size:29px}.elementor-widget-heading .elementor-heading-title.elementor-size-xl{font-size:39px}.elementor-widget-heading .elementor-heading-title.elementor-size-xxl{font-size:59px}<\/style><h2 class=\"elementor-heading-title elementor-size-default\">Cuidado prenatal<\/h2>\t\t<\/div>\n\t\t\t\t<\/div>\n\t\t\t\t\t<\/div>\n\t\t<\/div>\n\t\t\t\t\t\t\t<\/div>\n\t\t<\/section>\n\t\t\t\t<section class=\"elementor-section elementor-top-section elementor-element elementor-element-1b17753 elementor-section-boxed elementor-section-height-default elementor-section-height-default\" data-id=\"1b17753\" data-element_type=\"section\">\n\t\t\t\t\t\t<div class=\"elementor-container elementor-column-gap-extended\">\n\t\t\t\t\t<div class=\"elementor-column elementor-col-66 elementor-top-column elementor-element elementor-element-b3e6568\" data-id=\"b3e6568\" data-element_type=\"column\">\n\t\t\t<div class=\"elementor-widget-wrap elementor-element-populated\">\n\t\t\t\t\t\t\t\t<div class=\"elementor-element elementor-element-1222e74 elementor-widget elementor-widget-text-editor\" data-id=\"1222e74\" data-element_type=\"widget\" data-widget_type=\"text-editor.default\">\n\t\t\t\t<div class=\"elementor-widget-container\">\n\t\t\t<style>\/*! elementor - v3.7.7 - 20-09-2022 *\/\n.elementor-widget-text-editor.elementor-drop-cap-view-stacked .elementor-drop-cap{background-color:#818a91;color:#fff}.elementor-widget-text-editor.elementor-drop-cap-view-framed .elementor-drop-cap{color:#818a91;border:3px solid;background-color:transparent}.elementor-widget-text-editor:not(.elementor-drop-cap-view-default) .elementor-drop-cap{margin-top:8px}.elementor-widget-text-editor:not(.elementor-drop-cap-view-default) .elementor-drop-cap-letter{width:1em;height:1em}.elementor-widget-text-editor .elementor-drop-cap{float:left;text-align:center;line-height:1;font-size:50px}.elementor-widget-text-editor .elementor-drop-cap-letter{display:inline-block}<\/style>\t\t\t\t<p>El cuidado prenatal es la atenci\u00f3n m\u00e9dica que obtienes mientras est\u00e1s embarazada. Cu\u00eddate a ti misma y a tu beb\u00e9 haciendo lo siguiente:<\/p>\n<ul>\n<li>Obt\u00e9n cuidado prenatal temprano. Si est\u00e1s embarazada, o crees estarlo, llama a tu m\u00e9dico para programar una consulta.<\/li>\n<li>Obt\u00e9n cuidado prenatal regular. Tu m\u00e9dico programar\u00e1 muchos controles durante el curso de tu embarazo. No faltes a ninguno, son todos importantes.<\/li>\n<li>Sigue los consejos de la especialista.<\/li>\n<\/ul>\t\t\t\t\t\t<\/div>\n\t\t\t\t<\/div>\n\t\t\t\t<div class=\"elementor-element elementor-element-83be0dc elementor-widget elementor-widget-image\" data-id=\"83be0dc\" data-element_type=\"widget\" data-widget_type=\"image.default\">\n\t\t\t\t<div class=\"elementor-widget-container\">\n\t\t\t<style>\/*! elementor - v3.7.7 - 20-09-2022 *\/\n.elementor-widget-image{text-align:center}.elementor-widget-image a{display:inline-block}.elementor-widget-image a img[src$=\".svg\"]{width:48px}.elementor-widget-image img{vertical-align:middle;display:inline-block}<\/style>\t\t\t\t\t\t\t\t\t\t\t\t<img width=\"1024\" height=\"650\" src=\"http:\/\/dragabrielaenriquez.com\/wp-content\/uploads\/2022\/09\/WJEMJHYIXRGZLDHO77SAJKS7WM-1024x650.jpg\" class=\"attachment-large size-large\" alt=\"\" loading=\"lazy\" srcset=\"http:\/\/dragabrielaenriquez.com\/wp-content\/uploads\/2022\/09\/WJEMJHYIXRGZLDHO77SAJKS7WM-1024x650.jpg 1024w, http:\/\/dragabrielaenriquez.com\/wp-content\/uploads\/2022\/09\/WJEMJHYIXRGZLDHO77SAJKS7WM-300x191.jpg 300w, http:\/\/dragabrielaenriquez.com\/wp-content\/uploads\/2022\/09\/WJEMJHYIXRGZLDHO77SAJKS7WM-768x488.jpg 768w, http:\/\/dragabrielaenriquez.com\/wp-content\/uploads\/2022\/09\/WJEMJHYIXRGZLDHO77SAJKS7WM.jpg 1055w\" sizes=\"(max-width: 1024px) 100vw, 1024px\" \/>\t\t\t\t\t\t\t\t\t\t\t\t\t\t\t<\/div>\n\t\t\t\t<\/div>\n\t\t\t\t<div class=\"elementor-element elementor-element-a526f56 elementor-widget elementor-widget-spacer\" data-id=\"a526f56\" data-element_type=\"widget\" data-widget_type=\"spacer.default\">\n\t\t\t\t<div class=\"elementor-widget-container\">\n\t\t\t\t\t<div class=\"elementor-spacer\">\n\t\t\t<div class=\"elementor-spacer-inner\"><\/div>\n\t\t<\/div>\n\t\t\t\t<\/div>\n\t\t\t\t<\/div>\n\t\t\t\t<div class=\"elementor-element elementor-element-8477208 elementor-widget elementor-widget-heading\" data-id=\"8477208\" data-element_type=\"widget\" data-widget_type=\"heading.default\">\n\t\t\t\t<div class=\"elementor-widget-container\">\n\t\t\t<h2 class=\"elementor-heading-title elementor-size-default\">\u00bfPor qu\u00e9 necesito cuidado prenatal?<\/h2>\t\t<\/div>\n\t\t\t\t<\/div>\n\t\t\t\t<div class=\"elementor-element elementor-element-ced5c34 elementor-widget elementor-widget-text-editor\" data-id=\"ced5c34\" data-element_type=\"widget\" data-widget_type=\"text-editor.default\">\n\t\t\t\t<div class=\"elementor-widget-container\">\n\t\t\t\t\t\t\t<p>El cuidado prenatal ayuda a que t\u00fa y tu beb\u00e9 permanezcan sanos. Los beb\u00e9s de madres que no reciben cuidado prenatal son tres veces m\u00e1s propensos a nacer con bajo peso y cinco veces m\u00e1s propensos a morir que aquellos beb\u00e9s que nacen de mam\u00e1s que reciben cuidado prenatal.<\/p><p>Nuestra especialista puede detectar problemas de salud a tiempo cuando controlan regularmente a las madres. Esto permite un tratamiento temprano. El tratamiento temprano puede curar numerosos problemas y evitar otros. Los m\u00e9dicos tambi\u00e9n pueden hablar con las mujeres embarazadas sobre lo que pueden hacer para brindar un comienzo de vida saludable al feto.<\/p>\t\t\t\t\t\t<\/div>\n\t\t\t\t<\/div>\n\t\t\t\t\t<\/div>\n\t\t<\/div>\n\t\t\t\t<div class=\"elementor-column elementor-col-33 elementor-top-column elementor-element elementor-element-2b5be42\" data-id=\"2b5be42\" data-element_type=\"column\">\n\t\t\t<div class=\"elementor-widget-wrap elementor-element-populated\">\n\t\t\t\t\t\t\t\t<div class=\"elementor-element elementor-element-2d26cfd elementor-widget elementor-widget-wp-widget-nav_menu\" data-id=\"2d26cfd\" data-element_type=\"widget\" data-widget_type=\"wp-widget-nav_menu.default\">\n\t\t\t\t<div class=\"elementor-widget-container\">\n\t\t\t<div class=\"menu-main-menu-container\"><ul id=\"menu-main-menu\" class=\"menu\"><li id=\"menu-item-350\" class=\"menu-item menu-item-type-post_type menu-item-object-page menu-item-home menu-item-350\"><a href=\"http:\/\/dragabrielaenriquez.com\/\">Inicio<\/a><\/li>\n<li id=\"menu-item-394\" class=\"menu-item menu-item-type-post_type menu-item-object-page menu-item-394\"><a href=\"http:\/\/dragabrielaenriquez.com\/index.php\/la-profesional\/\">La Profesional<\/a><\/li>\n<li id=\"menu-item-393\" class=\"menu-item menu-item-type-post_type menu-item-object-page menu-item-has-children menu-item-393\"><a href=\"http:\/\/dragabrielaenriquez.com\/index.php\/servicios\/\">Servicios<\/a>\n<ul class=\"sub-menu\">\n\t<li id=\"menu-item-860\" class=\"menu-item menu-item-type-post_type menu-item-object-page menu-item-860\"><a href=\"http:\/\/dragabrielaenriquez.com\/index.php\/cuidado-prenatal\/\">Cuidado prenatal<\/a><\/li>\n\t<li id=\"menu-item-931\" class=\"menu-item menu-item-type-post_type menu-item-object-page menu-item-931\"><a href=\"http:\/\/dragabrielaenriquez.com\/index.php\/parto-y-cesarea-respetados\/\">Parto y ces\u00e1rea respetados<\/a><\/li>\n\t<li id=\"menu-item-949\" class=\"menu-item menu-item-type-post_type menu-item-object-page menu-item-949\"><a href=\"http:\/\/dragabrielaenriquez.com\/index.php\/sexologia-clinica\/\">Sexolog\u00eda Cl\u00ednica<\/a><\/li>\n\t<li id=\"menu-item-958\" class=\"menu-item menu-item-type-post_type menu-item-object-page menu-item-958\"><a href=\"http:\/\/dragabrielaenriquez.com\/index.php\/climaterio\/\">Climaterio<\/a><\/li>\n\t<li id=\"menu-item-967\" class=\"menu-item menu-item-type-post_type menu-item-object-page menu-item-967\"><a href=\"http:\/\/dragabrielaenriquez.com\/index.php\/ginecologia\/\">Ginecolog\u00eda<\/a><\/li>\n\t<li id=\"menu-item-974\" class=\"menu-item menu-item-type-post_type menu-item-object-page menu-item-974\"><a href=\"http:\/\/dragabrielaenriquez.com\/index.php\/adolescentes\/\">Adolescentes<\/a><\/li>\n\t<li id=\"menu-item-984\" class=\"menu-item menu-item-type-post_type menu-item-object-page menu-item-984\"><a href=\"http:\/\/dragabrielaenriquez.com\/index.php\/anticoncepcion\/\">Anticoncepci\u00f3n<\/a><\/li>\n\t<li id=\"menu-item-993\" class=\"menu-item menu-item-type-post_type menu-item-object-page menu-item-993\"><a href=\"http:\/\/dragabrielaenriquez.com\/index.php\/colposcopia\/\">Colposcop\u00eda<\/a><\/li>\n<\/ul>\n<\/li>\n<li id=\"menu-item-395\" class=\"menu-item menu-item-type-post_type menu-item-object-page menu-item-395\"><a href=\"http:\/\/dragabrielaenriquez.com\/index.php\/contacto\/\">Contacto<\/a><\/li>\n<\/ul><\/div>\t\t<\/div>\n\t\t\t\t<\/div>\n\t\t\t\t<div class=\"elementor-element elementor-element-12c46c2 elementor-widget elementor-widget-spacer\" data-id=\"12c46c2\" data-element_type=\"widget\" data-widget_type=\"spacer.default\">\n\t\t\t\t<div class=\"elementor-widget-container\">\n\t\t\t\t\t<div class=\"elementor-spacer\">\n\t\t\t<div class=\"elementor-spacer-inner\"><\/div>\n\t\t<\/div>\n\t\t\t\t<\/div>\n\t\t\t\t<\/div>\n\t\t\t\t\t<\/div>\n\t\t<\/div>\n\t\t\t\t\t\t\t<\/div>\n\t\t<\/section>\n\t\t\t\t\t\t\t<\/div>\n\t\t","protected":false},"excerpt":{"rendered":"<p>Cuidado prenatal El cuidado prenatal es la atenci\u00f3n m\u00e9dica que obtienes mientras est\u00e1s embarazada. Cu\u00eddate a ti misma y a tu beb\u00e9 haciendo lo siguiente: Obt\u00e9n cuidado prenatal temprano. Si est\u00e1s embarazada, o crees estarlo, llama a tu m\u00e9dico para programar una consulta. Obt\u00e9n cuidado prenatal regular. Tu m\u00e9dico programar\u00e1 muchos controles durante el curso [&hellip;]<\/p>\n","protected":false},"author":2,"featured_media":0,"parent":0,"menu_order":0,"comment_status":"closed","ping_status":"closed","template":"","meta":{"om_disable_all_campaigns":false,"_monsterinsights_skip_tracking":false,"_monsterinsights_sitenote_active":false,"_monsterinsights_sitenote_note":"","_monsterinsights_sitenote_category":0},"aioseo_notices":[],"yoast_head":"<!-- This site is optimized with the Yoast SEO plugin v20.1 - https:\/\/yoast.com\/wordpress\/plugins\/seo\/ -->\n<title>Cuidado prenatal<\/title>\n<meta name=\"robots\" content=\"index, follow, max-snippet:-1, max-image-preview:large, max-video-preview:-1\" \/>\n<link rel=\"canonical\" href=\"http:\/\/dragabrielaenriquez.com\/index.php\/cuidado-prenatal\/\" \/>\n<meta property=\"og:locale\" content=\"es_ES\" \/>\n<meta property=\"og:type\" content=\"article\" \/>\n<meta property=\"og:title\" content=\"Cuidado prenatal\" \/>\n<meta property=\"og:description\" content=\"Cuidado prenatal El cuidado prenatal es la atenci\u00f3n m\u00e9dica que obtienes mientras est\u00e1s embarazada. Cu\u00eddate a ti misma y a tu beb\u00e9 haciendo lo siguiente: Obt\u00e9n cuidado prenatal temprano. Si est\u00e1s embarazada, o crees estarlo, llama a tu m\u00e9dico para programar una consulta. Obt\u00e9n cuidado prenatal regular. Tu m\u00e9dico programar\u00e1 muchos controles durante el curso [&hellip;]\" \/>\n<meta property=\"og:url\" content=\"http:\/\/dragabrielaenriquez.com\/index.php\/cuidado-prenatal\/\" \/>\n<meta property=\"og:site_name\" content=\"Dra. Gabriela Enr\u00edquez\" \/>\n<meta property=\"article:publisher\" content=\"https:\/\/www.facebook.com\/ginecologaobstetraecuador\" \/>\n<meta property=\"article:modified_time\" content=\"2022-09-29T22:53:48+00:00\" \/>\n<meta property=\"og:image\" content=\"http:\/\/dragabrielaenriquez.com\/wp-content\/uploads\/2022\/09\/WJEMJHYIXRGZLDHO77SAJKS7WM-1024x650.jpg\" \/>\n<meta name=\"twitter:card\" content=\"summary_large_image\" \/>\n<meta name=\"twitter:label1\" content=\"Tiempo de lectura\" \/>\n\t<meta name=\"twitter:data1\" content=\"1 minuto\" \/>\n<script type=\"application\/ld+json\" class=\"yoast-schema-graph\">{\"@context\":\"https:\/\/schema.org\",\"@graph\":[{\"@type\":\"WebPage\",\"@id\":\"http:\/\/dragabrielaenriquez.com\/index.php\/cuidado-prenatal\/\",\"url\":\"http:\/\/dragabrielaenriquez.com\/index.php\/cuidado-prenatal\/\",\"name\":\"Cuidado prenatal\",\"isPartOf\":{\"@id\":\"http:\/\/dragabrielaenriquez.com\/#website\"},\"datePublished\":\"2022-09-24T00:05:27+00:00\",\"dateModified\":\"2022-09-29T22:53:48+00:00\",\"breadcrumb\":{\"@id\":\"http:\/\/dragabrielaenriquez.com\/index.php\/cuidado-prenatal\/#breadcrumb\"},\"inLanguage\":\"es\",\"potentialAction\":[{\"@type\":\"ReadAction\",\"target\":[\"http:\/\/dragabrielaenriquez.com\/index.php\/cuidado-prenatal\/\"]}]},{\"@type\":\"BreadcrumbList\",\"@id\":\"http:\/\/dragabrielaenriquez.com\/index.php\/cuidado-prenatal\/#breadcrumb\",\"itemListElement\":[{\"@type\":\"ListItem\",\"position\":1,\"name\":\"Portada\",\"item\":\"http:\/\/dragabrielaenriquez.com\/\"},{\"@type\":\"ListItem\",\"position\":2,\"name\":\"Cuidado prenatal\"}]},{\"@type\":\"WebSite\",\"@id\":\"http:\/\/dragabrielaenriquez.com\/#website\",\"url\":\"http:\/\/dragabrielaenriquez.com\/\",\"name\":\"Dra. Gabriela Enr\u00edquez, Ginecologa\",\"description\":\"Ginec\u00f3loga - Obstetra - Sex\u00f3loga Cl\u00ednica\",\"publisher\":{\"@id\":\"http:\/\/dragabrielaenriquez.com\/#organization\"},\"potentialAction\":[{\"@type\":\"SearchAction\",\"target\":{\"@type\":\"EntryPoint\",\"urlTemplate\":\"http:\/\/dragabrielaenriquez.com\/?s={search_term_string}\"},\"query-input\":\"required name=search_term_string\"}],\"inLanguage\":\"es\"},{\"@type\":\"Organization\",\"@id\":\"http:\/\/dragabrielaenriquez.com\/#organization\",\"name\":\"Dra. Gabriela Enr\u00edquez, Ginecologia\",\"url\":\"http:\/\/dragabrielaenriquez.com\/\",\"logo\":{\"@type\":\"ImageObject\",\"inLanguage\":\"es\",\"@id\":\"http:\/\/dragabrielaenriquez.com\/#\/schema\/logo\/image\/\",\"url\":\"http:\/\/dragabrielaenriquez.com\/wp-content\/uploads\/2022\/08\/cropped-cropped-logo-color.png\",\"contentUrl\":\"http:\/\/dragabrielaenriquez.com\/wp-content\/uploads\/2022\/08\/cropped-cropped-logo-color.png\",\"width\":220,\"height\":90,\"caption\":\"Dra. Gabriela Enr\u00edquez, Ginecologia\"},\"image\":{\"@id\":\"http:\/\/dragabrielaenriquez.com\/#\/schema\/logo\/image\/\"},\"sameAs\":[\"https:\/\/www.facebook.com\/ginecologaobstetraecuador\"]}]}<\/script>\n<!-- \/ Yoast SEO plugin. -->","yoast_head_json":{"title":"Cuidado prenatal","robots":{"index":"index","follow":"follow","max-snippet":"max-snippet:-1","max-image-preview":"max-image-preview:large","max-video-preview":"max-video-preview:-1"},"canonical":"http:\/\/dragabrielaenriquez.com\/index.php\/cuidado-prenatal\/","og_locale":"es_ES","og_type":"article","og_title":"Cuidado prenatal","og_description":"Cuidado prenatal El cuidado prenatal es la atenci\u00f3n m\u00e9dica que obtienes mientras est\u00e1s embarazada. Cu\u00eddate a ti misma y a tu beb\u00e9 haciendo lo siguiente: Obt\u00e9n cuidado prenatal temprano. Si est\u00e1s embarazada, o crees estarlo, llama a tu m\u00e9dico para programar una consulta. Obt\u00e9n cuidado prenatal regular. Tu m\u00e9dico programar\u00e1 muchos controles durante el curso [&hellip;]","og_url":"http:\/\/dragabrielaenriquez.com\/index.php\/cuidado-prenatal\/","og_site_name":"Dra. Gabriela Enr\u00edquez","article_publisher":"https:\/\/www.facebook.com\/ginecologaobstetraecuador","article_modified_time":"2022-09-29T22:53:48+00:00","og_image":[{"url":"http:\/\/dragabrielaenriquez.com\/wp-content\/uploads\/2022\/09\/WJEMJHYIXRGZLDHO77SAJKS7WM-1024x650.jpg"}],"twitter_card":"summary_large_image","twitter_misc":{"Tiempo de lectura":"1 minuto"},"schema":{"@context":"https:\/\/schema.org","@graph":[{"@type":"WebPage","@id":"http:\/\/dragabrielaenriquez.com\/index.php\/cuidado-prenatal\/","url":"http:\/\/dragabrielaenriquez.com\/index.php\/cuidado-prenatal\/","name":"Cuidado prenatal","isPartOf":{"@id":"http:\/\/dragabrielaenriquez.com\/#website"},"datePublished":"2022-09-24T00:05:27+00:00","dateModified":"2022-09-29T22:53:48+00:00","breadcrumb":{"@id":"http:\/\/dragabrielaenriquez.com\/index.php\/cuidado-prenatal\/#breadcrumb"},"inLanguage":"es","potentialAction":[{"@type":"ReadAction","target":["http:\/\/dragabrielaenriquez.com\/index.php\/cuidado-prenatal\/"]}]},{"@type":"BreadcrumbList","@id":"http:\/\/dragabrielaenriquez.com\/index.php\/cuidado-prenatal\/#breadcrumb","itemListElement":[{"@type":"ListItem","position":1,"name":"Portada","item":"http:\/\/dragabrielaenriquez.com\/"},{"@type":"ListItem","position":2,"name":"Cuidado prenatal"}]},{"@type":"WebSite","@id":"http:\/\/dragabrielaenriquez.com\/#website","url":"http:\/\/dragabrielaenriquez.com\/","name":"Dra. Gabriela Enr\u00edquez, Ginecologa","description":"Ginec\u00f3loga - Obstetra - Sex\u00f3loga Cl\u00ednica","publisher":{"@id":"http:\/\/dragabrielaenriquez.com\/#organization"},"potentialAction":[{"@type":"SearchAction","target":{"@type":"EntryPoint","urlTemplate":"http:\/\/dragabrielaenriquez.com\/?s={search_term_string}"},"query-input":"required name=search_term_string"}],"inLanguage":"es"},{"@type":"Organization","@id":"http:\/\/dragabrielaenriquez.com\/#organization","name":"Dra. Gabriela Enr\u00edquez, Ginecologia","url":"http:\/\/dragabrielaenriquez.com\/","logo":{"@type":"ImageObject","inLanguage":"es","@id":"http:\/\/dragabrielaenriquez.com\/#\/schema\/logo\/image\/","url":"http:\/\/dragabrielaenriquez.com\/wp-content\/uploads\/2022\/08\/cropped-cropped-logo-color.png","contentUrl":"http:\/\/dragabrielaenriquez.com\/wp-content\/uploads\/2022\/08\/cropped-cropped-logo-color.png","width":220,"height":90,"caption":"Dra. Gabriela Enr\u00edquez, Ginecologia"},"image":{"@id":"http:\/\/dragabrielaenriquez.com\/#\/schema\/logo\/image\/"},"sameAs":["https:\/\/www.facebook.com\/ginecologaobstetraecuador"]}]}},"_links":{"self":[{"href":"http:\/\/dragabrielaenriquez.com\/index.php\/wp-json\/wp\/v2\/pages\/858"}],"collection":[{"href":"http:\/\/dragabrielaenriquez.com\/index.php\/wp-json\/wp\/v2\/pages"}],"about":[{"href":"http:\/\/dragabrielaenriquez.com\/index.php\/wp-json\/wp\/v2\/types\/page"}],"author":[{"embeddable":true,"href":"http:\/\/dragabrielaenriquez.com\/index.php\/wp-json\/wp\/v2\/users\/2"}],"replies":[{"embeddable":true,"href":"http:\/\/dragabrielaenriquez.com\/index.php\/wp-json\/wp\/v2\/comments?post=858"}],"version-history":[{"count":101,"href":"http:\/\/dragabrielaenriquez.com\/index.php\/wp-json\/wp\/v2\/pages\/858\/revisions"}],"predecessor-version":[{"id":1339,"href":"http:\/\/dragabrielaenriquez.com\/index.php\/wp-json\/wp\/v2\/pages\/858\/revisions\/1339"}],"wp:attachment":[{"href":"http:\/\/dragabrielaenriquez.com\/index.php\/wp-json\/wp\/v2\/media?parent=858"}],"curies":[{"name":"wp","href":"https:\/\/api.w.org\/{rel}","templated":true}]}}